{"id":53919,"date":"2024-03-04T08:23:25","date_gmt":"2024-09-13T12:54:36","guid":{"rendered":"https:\/\/staging.nbg.eu\/product\/bore-tech-bronze-rifle-brush-3-pack-multiple-calibers\/"},"modified":"2024-09-13T12:55:41","modified_gmt":"2024-09-13T12:55:41","slug":"bore-tech-bronasta-puscna-krtaca-3-kosi-razlicni-kalibri","status":"publish","type":"product","link":"https:\/\/staging.nbg.eu\/sl\/izdelek\/bore-tech-bronasta-puscna-krtaca-3-kosi-razlicni-kalibri\/","title":{"rendered":"Bore Tech bronasta pu\u0161\u010dna krta\u010da (3 kosi, razli\u010dni kalibri)"},"content":{"rendered":"<p>\nBore Tech bronasta pu\u0161kovna \u0161\u010detka ima izbolj\u0161ano konstrukcijo in tehni\u010dne lastnosti. Ima dvojno koli\u010dino fosforjevih bronastih \u0161\u010detin za bolj\u0161e \u010di\u0161\u010denje in ponuja:<\/p>\n<ul>\n<li>Dvojno navito jedro z zankami na koncih za varnost cevi<\/li>\n<li>Aluminijaste \u010depe letalske kakovosti<\/li>\n<li>Premere \u0161\u010detin specifi\u010dne za kaliber<\/li>\n<li>Na voljo za kalibre od .17 do .50<\/li>\n<\/ul>\n<p>Bore Tech premium \u0161\u010detke omogo\u010dajo hitrej\u0161e in u\u010dinkovitej\u0161e \u010di\u0161\u010denje.<\/p>\n","protected":false},"excerpt":{"rendered":"<p>Kakovostna bronasta krta\u010da za pu\u0161ko za u\u010dinkovito in varno \u010di\u0161\u010denje cevi.<\/p>\n","protected":false},"featured_media":53920,"template":"","meta":{"_acf_changed":false},"product_brand":[11159],"product_cat":[13464,13491],"product_tag":[],"class_list":{"0":"post-53919","1":"product","2":"type-product","3":"status-publish","4":"has-post-thumbnail","6":"product_brand-boretech","7":"product_cat-ciscenje-orozja","8":"product_cat-krtace","10":"first","11":"instock","12":"taxable","13":"shipping-taxable","14":"purchasable","15":"product-type-variable","16":"wvs-archive-product-wrapper"},"acf":[],"_links":{"self":[{"href":"https:\/\/staging.nbg.eu\/sl\/wp-json\/wp\/v2\/product\/53919","targetHints":{"allow":["GET"]}}],"collection":[{"href":"https:\/\/staging.nbg.eu\/sl\/wp-json\/wp\/v2\/product"}],"about":[{"href":"https:\/\/staging.nbg.eu\/sl\/wp-json\/wp\/v2\/types\/product"}],"wp:featuredmedia":[{"embeddable":true,"href":"https:\/\/staging.nbg.eu\/sl\/wp-json\/wp\/v2\/media\/53920"}],"wp:attachment":[{"href":"https:\/\/staging.nbg.eu\/sl\/wp-json\/wp\/v2\/media?parent=53919"}],"wp:term":[{"taxonomy":"product_brand","embeddable":true,"href":"https:\/\/staging.nbg.eu\/sl\/wp-json\/wp\/v2\/product_brand?post=53919"},{"taxonomy":"product_cat","embeddable":true,"href":"https:\/\/staging.nbg.eu\/sl\/wp-json\/wp\/v2\/product_cat?post=53919"},{"taxonomy":"product_tag","embeddable":true,"href":"https:\/\/staging.nbg.eu\/sl\/wp-json\/wp\/v2\/product_tag?post=53919"}],"curies":[{"name":"wp","href":"https:\/\/api.w.org\/{rel}","templated":true}]}}