{"id":537900,"date":"2025-09-05T17:25:45","date_gmt":"2025-09-05T14:25:45","guid":{"rendered":"https:\/\/staging.nbg.eu\/product\/sons-of-liberty-gun-works-ar-15-bolt-catch-spring\/"},"modified":"2025-09-30T12:11:40","modified_gmt":"2025-09-30T09:11:40","slug":"sons-of-liberty-gun-works-ar-15-vzmet-za-zapah-zaklepa","status":"publish","type":"product","link":"https:\/\/staging.nbg.eu\/sl\/izdelek\/sons-of-liberty-gun-works-ar-15-vzmet-za-zapah-zaklepa\/","title":{"rendered":"SONS OF LIBERTY GUN WORKS AR-15 VZMET ZA ZAPAH ZAKLEPA"},"content":{"rendered":"<div class=\"product-description\">\n<h2>SONS OF LIBERTY GUN WORKS AR-15 VZMET ZA ZADR\u017dEVALEC ZAKLEPA (10 kosov)<\/h2>\n<p>Vzmet za zadr\u017eevalec zaklepa za AR-15. Izdelano v ZDA, ta komponenta zagotavlja delovanje mehanizma za zadr\u017eevanje zaklepa va\u0161ega strelnega oro\u017eja.<\/p>\n<h2>Klju\u010dne lastnosti:<\/h2>\n<ul>\n<li>Zasnovano za platforme AR-15<\/li>\n<li>Kakovostna konstrukcija<\/li>\n<li>Zagotavlja delovanje zadr\u017eevalca zaklepa<\/li>\n<li>Izdelano v ZDA<\/li>\n<li>Prodaja se v paketu po 10 kosov<\/li>\n<\/ul>\n<p>Podatki o izdelku:<\/p>\n<ul>\n<li>Te\u017ea: 0,01 lbs<\/li>\n<\/ul>\n<p>Vzmet za zadr\u017eevalec zaklepa za AR-15, izdelana v ZDA.<\/p>\n<\/div>\n","protected":false},"excerpt":{"rendered":"<p>V ZDA izdelana vzmet za zadr\u017eevalo zaklepa AR-15. Bistvena, vzdr\u017eljiva nadomestna dela.<\/p>\n","protected":false},"featured_media":496944,"template":"","meta":{"_acf_changed":false},"product_brand":[],"product_cat":[13432],"product_tag":[],"class_list":{"0":"post-537900","1":"product","2":"type-product","3":"status-publish","4":"has-post-thumbnail","6":"product_cat-nastavitve-puske","8":"first","9":"instock","10":"taxable","11":"shipping-taxable","12":"purchasable","13":"product-type-simple"},"acf":[],"_links":{"self":[{"href":"https:\/\/staging.nbg.eu\/sl\/wp-json\/wp\/v2\/product\/537900","targetHints":{"allow":["GET"]}}],"collection":[{"href":"https:\/\/staging.nbg.eu\/sl\/wp-json\/wp\/v2\/product"}],"about":[{"href":"https:\/\/staging.nbg.eu\/sl\/wp-json\/wp\/v2\/types\/product"}],"wp:featuredmedia":[{"embeddable":true,"href":"https:\/\/staging.nbg.eu\/sl\/wp-json\/wp\/v2\/media\/496944"}],"wp:attachment":[{"href":"https:\/\/staging.nbg.eu\/sl\/wp-json\/wp\/v2\/media?parent=537900"}],"wp:term":[{"taxonomy":"product_brand","embeddable":true,"href":"https:\/\/staging.nbg.eu\/sl\/wp-json\/wp\/v2\/product_brand?post=537900"},{"taxonomy":"product_cat","embeddable":true,"href":"https:\/\/staging.nbg.eu\/sl\/wp-json\/wp\/v2\/product_cat?post=537900"},{"taxonomy":"product_tag","embeddable":true,"href":"https:\/\/staging.nbg.eu\/sl\/wp-json\/wp\/v2\/product_tag?post=537900"}],"curies":[{"name":"wp","href":"https:\/\/api.w.org\/{rel}","templated":true}]}}