{"id":537765,"date":"2025-09-05T00:17:22","date_gmt":"2025-09-04T21:17:22","guid":{"rendered":"https:\/\/staging.nbg.eu\/product\/badger-ordnance-34mm-condition-one-accessory-ring-cap-tan-700-34\/"},"modified":"2025-09-30T11:50:52","modified_gmt":"2025-09-30T08:50:52","slug":"badger-ordnance-34mm-condition-one-accessory-ring-cap-tan-700-34","status":"publish","type":"product","link":"https:\/\/staging.nbg.eu\/sl\/izdelek\/badger-ordnance-34mm-condition-one-accessory-ring-cap-tan-700-34\/","title":{"rendered":"BADGER ORDNANCE 34MM CONDITION ONE ACCESSORY RING CAP TAN (700-34)"},"content":{"rendered":"<div class=\"product-description\">\n<h2>BADGER ORDNANCE 34MM OBRO\u010c ZA DODATKE CONDITION ONE TAN (700-34)<\/h2>\n<p>Nadgradite svoj modularni nosilec Condition One z obro\u010dem za dodatke Badger Ordnance Condition One (C1 ARC). Ta dodatek ponuja:<\/p>\n<ul>\n<li>Integracijo z modularnimi nosilci Condition One<\/li>\n<li>Mo\u017enosti pritrditve spredaj ali zadaj<\/li>\n<li>Zdru\u017eljivost z razli\u010dnimi dodatki, vklju\u010dno z vodili za laserske merilce razdalje in rde\u010dimi pikami na polo\u017eaju 12 ur<\/li>\n<li>Pritrditev\/odstranitev brez vpliva na ni\u010denje primarne optike<\/li>\n<li>Tan zaklju\u010dek za takti\u010dno uporabo<\/li>\n<\/ul>\n<p>Nadgradite svojo opti\u010dno nastavitev s C1 ARC, ki je zasnovan za prilagodljivost in funkcionalnost za strelce in profesionalce.<\/p>\n<\/div>\n","protected":false},"excerpt":{"rendered":"<p>Prilagodljiv 34-milimetrski obro\u010dek za nosilce Condition One. Vsestranska pritrditev dodatkov.<\/p>\n","protected":false},"featured_media":496491,"template":"","meta":{"_acf_changed":false},"product_brand":[11092,11094],"product_cat":[13459,13416],"product_tag":[],"class_list":{"0":"post-537765","1":"product","2":"type-product","3":"status-publish","4":"has-post-thumbnail","6":"product_brand-badger-ordnance","8":"product_cat-meritev","9":"product_cat-pribor-za-meritev","11":"first","12":"instock","13":"taxable","14":"shipping-taxable","15":"purchasable","16":"product-type-simple"},"acf":[],"_links":{"self":[{"href":"https:\/\/staging.nbg.eu\/sl\/wp-json\/wp\/v2\/product\/537765","targetHints":{"allow":["GET"]}}],"collection":[{"href":"https:\/\/staging.nbg.eu\/sl\/wp-json\/wp\/v2\/product"}],"about":[{"href":"https:\/\/staging.nbg.eu\/sl\/wp-json\/wp\/v2\/types\/product"}],"wp:featuredmedia":[{"embeddable":true,"href":"https:\/\/staging.nbg.eu\/sl\/wp-json\/wp\/v2\/media\/496491"}],"wp:attachment":[{"href":"https:\/\/staging.nbg.eu\/sl\/wp-json\/wp\/v2\/media?parent=537765"}],"wp:term":[{"taxonomy":"product_brand","embeddable":true,"href":"https:\/\/staging.nbg.eu\/sl\/wp-json\/wp\/v2\/product_brand?post=537765"},{"taxonomy":"product_cat","embeddable":true,"href":"https:\/\/staging.nbg.eu\/sl\/wp-json\/wp\/v2\/product_cat?post=537765"},{"taxonomy":"product_tag","embeddable":true,"href":"https:\/\/staging.nbg.eu\/sl\/wp-json\/wp\/v2\/product_tag?post=537765"}],"curies":[{"name":"wp","href":"https:\/\/api.w.org\/{rel}","templated":true}]}}