{"id":535856,"date":"2025-09-05T00:02:56","date_gmt":"2025-09-04T21:02:56","guid":{"rendered":"https:\/\/staging.nbg.eu\/product\/ismi-11-lb-spring-glock-17-gl11\/"},"modified":"2025-09-29T16:30:42","modified_gmt":"2025-09-29T13:30:42","slug":"ismi-11-lb-vzmet-glock-17-gl11","status":"publish","type":"product","link":"https:\/\/staging.nbg.eu\/sl\/izdelek\/ismi-11-lb-vzmet-glock-17-gl11\/","title":{"rendered":"ISMI 11 lb. Vzmet Glock 17 (GL11)"},"content":{"rendered":"<h2>ISMI 11 lb. vzmet za Glock 17 (GL11)<\/h2>\n<p>Nadgradite svoj Glock 17 z ISMI 11 lb. vzmetjo (GL11) za izbolj\u0161ano delovanje in zanesljivost. Ta vzmet je zasnovana za:<\/p>\n<ul>\n<li>Pove\u010danje hitrosti zaklopa za izbolj\u0161ano delovanje<\/li>\n<li>Zmanj\u0161anje ob\u010dutka odsuna za bolj\u0161i nadzor in hitrej\u0161e nadaljnje strele<\/li>\n<li>Izbolj\u0161anje zanesljivosti z razli\u010dnimi vrstami streliva<\/li>\n<li>Zagotavljanje doslednega delovanja v vseh vremenskih pogojih<\/li>\n<\/ul>\n<p>Izdelana iz kromove silicijeve \u017eice, ta vzmet nudi ve\u010djo trpe\u017enost in \u017eivljenjsko dobo v primerjavi s standardnimi vzmetmi. 11 lb. ocena je primerna za tekmovalne strelce in tiste, ki i\u0161\u010dejo bolj gladko izku\u0161njo streljanja.<\/p>\n<p>Zdru\u017eljiva z modeli Glock 17 in podobnimi okvirji. Enostavna namestitev omogo\u010da preprosto nadgradnjo va\u0161ega oro\u017eja.<\/p>\n<p><strong>Specifikacije:<\/strong><\/p>\n<ul>\n<li>Te\u017ea: 11 lbs<\/li>\n<li>Material: Krom silicij<\/li>\n<li>Primerno za: Glock 17 in podobne modele<\/li>\n<li>Izdelano v ZDA<\/li>\n<\/ul>\n","protected":false},"excerpt":{"rendered":"<p>Mo\u010dna 5 kg vzmet za Glock 17. Izbolj\u0161a poteg spro\u017eilca in reset.<\/p>\n","protected":false},"featured_media":0,"template":"","meta":{"_acf_changed":false},"product_brand":[],"product_cat":[13484,13440],"product_tag":[],"class_list":{"0":"post-535856","1":"product","2":"type-product","3":"status-publish","5":"product_cat-deli-za-pistole","6":"product_cat-pistola","8":"first","9":"outofstock","10":"taxable","11":"shipping-taxable","12":"purchasable","13":"product-type-simple"},"acf":[],"_links":{"self":[{"href":"https:\/\/staging.nbg.eu\/sl\/wp-json\/wp\/v2\/product\/535856","targetHints":{"allow":["GET"]}}],"collection":[{"href":"https:\/\/staging.nbg.eu\/sl\/wp-json\/wp\/v2\/product"}],"about":[{"href":"https:\/\/staging.nbg.eu\/sl\/wp-json\/wp\/v2\/types\/product"}],"wp:attachment":[{"href":"https:\/\/staging.nbg.eu\/sl\/wp-json\/wp\/v2\/media?parent=535856"}],"wp:term":[{"taxonomy":"product_brand","embeddable":true,"href":"https:\/\/staging.nbg.eu\/sl\/wp-json\/wp\/v2\/product_brand?post=535856"},{"taxonomy":"product_cat","embeddable":true,"href":"https:\/\/staging.nbg.eu\/sl\/wp-json\/wp\/v2\/product_cat?post=535856"},{"taxonomy":"product_tag","embeddable":true,"href":"https:\/\/staging.nbg.eu\/sl\/wp-json\/wp\/v2\/product_tag?post=535856"}],"curies":[{"name":"wp","href":"https:\/\/api.w.org\/{rel}","templated":true}]}}