{"id":535746,"date":"2025-09-05T00:01:54","date_gmt":"2025-09-04T21:01:54","guid":{"rendered":"https:\/\/staging.nbg.eu\/product\/vortex-defender-xl-red-dot-2moa-sight-dfxl-mrd2\/"},"modified":"2025-09-29T16:21:31","modified_gmt":"2025-09-29T13:21:31","slug":"vortex-defender-xl-rdeca-pika-2moa-meritev-dfxl-mrd2","status":"publish","type":"product","link":"https:\/\/staging.nbg.eu\/sl\/izdelek\/vortex-defender-xl-rdeca-pika-2moa-meritev-dfxl-mrd2\/","title":{"rendered":"Vortex Defender-XL Rdeca Pika 2MOA Meritev &#8211; DFXL-MRD2"},"content":{"rendered":"<div class=\"product-description\">\n<h2>Vortex Defender-XL rde\u010da pika 2MOA merek &#8211; DFXL-MRD2<\/h2>\n<p>Vortex Defender-XL 2 MOA rde\u010da pika merek je kompakten opti\u010dni merek, zasnovan za hitro pridobivanje tar\u010de. Primeren je za tekmovalne strelce, takti\u010dne operaterje in navdu\u0161ence nad strelnim oro\u017ejem.<\/p>\n<h2>Klju\u010dne lastnosti:<\/h2>\n<ul>\n<li>2 MOA rde\u010da pika, vidna pri dnevni svetlobi<\/li>\n<li>10 nastavitev svetlosti, vklju\u010dno z 2 na\u010dinoma, zdru\u017eljivima z no\u010dnim vidom<\/li>\n<li>Velika asferi\u010dna le\u010da za nepopa\u0107eno sliko<\/li>\n<li>ShockShield polimerni vlo\u017eek za pove\u010dano odpornost na udarce<\/li>\n<li>Fast-Rack tekstura za zanesljivo manipulacijo zaklopa<\/li>\n<li>Aktivacija z gibanjem in samodejni izklop po 10 minutah<\/li>\n<li>Zaklep gumbov za prepre\u010devanje naklju\u010dnih prilagoditev<\/li>\n<li>Sistem za nalaganje baterije z vrha za enostavno zamenjavo brez izgube nastavitev<\/li>\n<li>Matirana povr\u0161ina z nizkim sijajem<\/li>\n<\/ul>\n<p>Defender-XL je zasnovan za vzdr\u017eljivost v zahtevnih pogojih ob ohranjanju natan\u010dnega delovanja. Je izbira za strelce, ki zahtevajo zanesljivost in vsestranskost.<\/p>\n<\/div>\n","protected":false},"excerpt":{"rendered":"<p>Kompakten, robusten rde\u010di kolimator s 2 MOA piko in aktivacijo na gibanje.<\/p>\n","protected":false},"featured_media":496182,"template":"","meta":{"_acf_changed":false},"product_brand":[],"product_cat":[13459,13493,13439,13460],"product_tag":[],"class_list":{"0":"post-535746","1":"product","2":"type-product","3":"status-publish","4":"has-post-thumbnail","6":"product_cat-meritev","7":"product_cat-pistne-pike-za-puske","8":"product_cat-pistolske-pike","9":"product_cat-rdece-pike","11":"first","12":"instock","13":"taxable","14":"shipping-taxable","15":"purchasable","16":"product-type-simple"},"acf":[],"_links":{"self":[{"href":"https:\/\/staging.nbg.eu\/sl\/wp-json\/wp\/v2\/product\/535746","targetHints":{"allow":["GET"]}}],"collection":[{"href":"https:\/\/staging.nbg.eu\/sl\/wp-json\/wp\/v2\/product"}],"about":[{"href":"https:\/\/staging.nbg.eu\/sl\/wp-json\/wp\/v2\/types\/product"}],"wp:featuredmedia":[{"embeddable":true,"href":"https:\/\/staging.nbg.eu\/sl\/wp-json\/wp\/v2\/media\/496182"}],"wp:attachment":[{"href":"https:\/\/staging.nbg.eu\/sl\/wp-json\/wp\/v2\/media?parent=535746"}],"wp:term":[{"taxonomy":"product_brand","embeddable":true,"href":"https:\/\/staging.nbg.eu\/sl\/wp-json\/wp\/v2\/product_brand?post=535746"},{"taxonomy":"product_cat","embeddable":true,"href":"https:\/\/staging.nbg.eu\/sl\/wp-json\/wp\/v2\/product_cat?post=535746"},{"taxonomy":"product_tag","embeddable":true,"href":"https:\/\/staging.nbg.eu\/sl\/wp-json\/wp\/v2\/product_tag?post=535746"}],"curies":[{"name":"wp","href":"https:\/\/api.w.org\/{rel}","templated":true}]}}