{"id":535429,"date":"2025-09-04T23:53:51","date_gmt":"2025-09-04T20:53:51","guid":{"rendered":"https:\/\/staging.nbg.eu\/product\/law-tactical-llc-ar-15-m16-gen3-m-folding-stock-adapter-99312\/"},"modified":"2025-09-29T15:52:10","modified_gmt":"2025-09-29T12:52:10","slug":"law-tactical-llc-ar-15m16-gen3-m-zlozljivi-adapter-za-kopito-99312","status":"publish","type":"product","link":"https:\/\/staging.nbg.eu\/sl\/izdelek\/law-tactical-llc-ar-15m16-gen3-m-zlozljivi-adapter-za-kopito-99312\/","title":{"rendered":"LAW TACTICAL LLC AR-15\/M16 Gen3-M Zlo\u017eljivi Adapter za Kopito (99312)"},"content":{"rendered":"<h2>LAW TACTICAL LLC AR-15\/M16 Gen3-M Adapter za zlo\u017eljivo kopito (99312)<\/h2>\n<p>Adapter za zlo\u017eljivo kopito, zdru\u017eljiv s pu\u0161kami AR. Deluje s sistemi z neposrednim delovanjem plinov in plinskimi bati, primeren za A2, karabinske, mil-spec ali komercialne cevi in kopita.<\/p>\n<ul>\n<li>Zdru\u017eljiv s standardnimi skupinami nosilcev zaklepa (polno avtomatski, polavtomatski, 5,56 do .308)<\/li>\n<li>Primeren za transport z nizkim profilom<\/li>\n<li>Enostavno zlaganje z enim gumbom<\/li>\n<li>Samodejno zaklepanje v raztegnjenem polo\u017eaju<\/li>\n<li>CNC obdelan iz jekla 4140<\/li>\n<li>Zasnovan, izdelan in sestavljen v ZDA<\/li>\n<li>Vgrajena pritrditev za enoto\u010dkovni pas<\/li>\n<\/ul>\n<p>Pove\u010da prilagodljivost pu\u0161ke AR brez vpliva na funkcionalnost.<\/p>\n","protected":false},"excerpt":{"rendered":"<p>Kompaktni zlo\u017eljivi adapter za kopito za AR-15\/M16 za nizkoprofilni transport.<\/p>\n","protected":false},"featured_media":496063,"template":"","meta":{"_acf_changed":false},"product_brand":[],"product_cat":[13443,13432,13483],"product_tag":[],"class_list":{"0":"post-535429","1":"product","2":"type-product","3":"status-publish","4":"has-post-thumbnail","6":"product_cat-kopita-puske","7":"product_cat-nastavitve-puske","8":"product_cat-puska","10":"first","11":"instock","12":"taxable","13":"shipping-taxable","14":"purchasable","15":"product-type-simple"},"acf":[],"_links":{"self":[{"href":"https:\/\/staging.nbg.eu\/sl\/wp-json\/wp\/v2\/product\/535429","targetHints":{"allow":["GET"]}}],"collection":[{"href":"https:\/\/staging.nbg.eu\/sl\/wp-json\/wp\/v2\/product"}],"about":[{"href":"https:\/\/staging.nbg.eu\/sl\/wp-json\/wp\/v2\/types\/product"}],"wp:featuredmedia":[{"embeddable":true,"href":"https:\/\/staging.nbg.eu\/sl\/wp-json\/wp\/v2\/media\/496063"}],"wp:attachment":[{"href":"https:\/\/staging.nbg.eu\/sl\/wp-json\/wp\/v2\/media?parent=535429"}],"wp:term":[{"taxonomy":"product_brand","embeddable":true,"href":"https:\/\/staging.nbg.eu\/sl\/wp-json\/wp\/v2\/product_brand?post=535429"},{"taxonomy":"product_cat","embeddable":true,"href":"https:\/\/staging.nbg.eu\/sl\/wp-json\/wp\/v2\/product_cat?post=535429"},{"taxonomy":"product_tag","embeddable":true,"href":"https:\/\/staging.nbg.eu\/sl\/wp-json\/wp\/v2\/product_tag?post=535429"}],"curies":[{"name":"wp","href":"https:\/\/api.w.org\/{rel}","templated":true}]}}