{"id":535319,"date":"2025-09-04T23:53:23","date_gmt":"2025-09-04T20:53:23","guid":{"rendered":"https:\/\/staging.nbg.eu\/product\/bravo-company-bcmgunfighter-quick-detach-sling-swivel-heavy-duty-design-bcm-qdss-2\/"},"modified":"2025-09-29T15:43:11","modified_gmt":"2025-09-29T12:43:11","slug":"bravo-company-bcmgunfighter-hitro-snemljiva-zanka-za-jermen-tezka-izvedba-bcm-qdss-2","status":"publish","type":"product","link":"https:\/\/staging.nbg.eu\/sl\/izdelek\/bravo-company-bcmgunfighter-hitro-snemljiva-zanka-za-jermen-tezka-izvedba-bcm-qdss-2\/","title":{"rendered":"BRAVO COMPANY BCMGUNFIGHTER Hitro Snemljiva Zanka za Jermen Te\u017eka Izvedba (BCM-QDSs-2)"},"content":{"rendered":"<h2>BCMGUNFIGHTER\u2122 Hitro snemljivi obro\u010d za jermen (Robustna zasnova)<\/h2>\n<p>BCMGUNFIGHTER\u2122 Hitro snemljivi obro\u010d za jermen (BCM-QDSs-2). Ta robustna zasnova je namenjena za 1-1\/4&#8243; jermene.<\/p>\n<ul>\n<li>Poravnani bat prepre\u010duje nenamerno sprostitev, kar zagotavlja varnost jermena<\/li>\n<li>Pred galvanizacijo je obdelan s postopkom odstranjevanja robov in peskanja za gladko povr\u0161ino<\/li>\n<li>Izdelan iz ogljikovega jekla z za\u0161\u010ditnim manganovim fosfatnim premazom<\/li>\n<li>Zdru\u017eljiv z 1-1\/4&#8243; jermeni<\/li>\n<\/ul>\n<p>Ta obro\u010d za jermen je izdelan v ZDA.<\/p>\n","protected":false},"excerpt":{"rendered":"<p>Robustno QD vrtljivo dr\u017ealo za pasove \u0161irine 1,25 palca, izdelano v ZDA. Varno in trpe\u017eno.<\/p>\n","protected":false},"featured_media":495902,"template":"","meta":{"_acf_changed":false},"product_brand":[11067],"product_cat":[13432,13446,13483],"product_tag":[],"class_list":{"0":"post-535319","1":"product","2":"type-product","3":"status-publish","4":"has-post-thumbnail","6":"product_brand-bcm","7":"product_cat-nastavitve-puske","8":"product_cat-pasovi-za-nosenje","9":"product_cat-puska","11":"first","12":"outofstock","13":"taxable","14":"shipping-taxable","15":"purchasable","16":"product-type-simple"},"acf":[],"_links":{"self":[{"href":"https:\/\/staging.nbg.eu\/sl\/wp-json\/wp\/v2\/product\/535319","targetHints":{"allow":["GET"]}}],"collection":[{"href":"https:\/\/staging.nbg.eu\/sl\/wp-json\/wp\/v2\/product"}],"about":[{"href":"https:\/\/staging.nbg.eu\/sl\/wp-json\/wp\/v2\/types\/product"}],"wp:featuredmedia":[{"embeddable":true,"href":"https:\/\/staging.nbg.eu\/sl\/wp-json\/wp\/v2\/media\/495902"}],"wp:attachment":[{"href":"https:\/\/staging.nbg.eu\/sl\/wp-json\/wp\/v2\/media?parent=535319"}],"wp:term":[{"taxonomy":"product_brand","embeddable":true,"href":"https:\/\/staging.nbg.eu\/sl\/wp-json\/wp\/v2\/product_brand?post=535319"},{"taxonomy":"product_cat","embeddable":true,"href":"https:\/\/staging.nbg.eu\/sl\/wp-json\/wp\/v2\/product_cat?post=535319"},{"taxonomy":"product_tag","embeddable":true,"href":"https:\/\/staging.nbg.eu\/sl\/wp-json\/wp\/v2\/product_tag?post=535319"}],"curies":[{"name":"wp","href":"https:\/\/api.w.org\/{rel}","templated":true}]}}