{"id":535099,"date":"2025-09-04T20:17:18","date_gmt":"2025-09-04T17:17:18","guid":{"rendered":"https:\/\/staging.nbg.eu\/product\/sprinco-usa-308-m4-extension-tube-cs-xp-buffer-spring-in-hard-tube-25762-orange\/"},"modified":"2025-09-29T15:16:54","modified_gmt":"2025-09-29T12:16:54","slug":"sprinco-usa-308-m4-extension-tube-cs-xp-buffer-spring-in-hard-tube-25762-oranzna","status":"publish","type":"product","link":"https:\/\/staging.nbg.eu\/sl\/izdelek\/sprinco-usa-308-m4-extension-tube-cs-xp-buffer-spring-in-hard-tube-25762-oranzna\/","title":{"rendered":"SPRINCO USA 308 M4 EXTENSION TUBE CS XP BUFFER SPRING IN HARD TUBE (25762) Oranzna"},"content":{"rendered":"<div class=\"product-description\">\n<h2>SPRINCO USA 308 M4 podalj\u0161evalna cev CS XP vzmetni bla\u017eilnik v trdi cevi (25762) Oran\u017ena<\/h2>\n<p>Vzmetni bla\u017eilnik za velike okvirne karabinke, ta izdelek Sprinco USA je zasnovan za uporabo v ve\u010d konfiguracijah:<\/p>\n<ul>\n<li>DPMS vzorec .308 \/ 6.5 CM s standardno 7&#8243; M4 bla\u017eilno cevjo in 2.5&#8243; kratkim bla\u017eilnikom<\/li>\n<li>SR-25 \/ Armalite vzorec srednje globokih karabink s 3.25&#8243; bla\u017eilniki<\/li>\n<li>Standardne 7&#8243; M4 cevi v preve\u010d plinastih karabinkah (5.56, 6.8 SPC, 6.5 Grendel, itd.)<\/li>\n<\/ul>\n<p>Izbolj\u0161ajte delovanje va\u0161ega strelnega oro\u017eja s tem vzmetnim bla\u017eilnikom. Pakiran v trdi cevi za za\u0161\u010dito med po\u0161iljanjem in shranjevanjem.<\/p>\n<\/div>\n","protected":false},"excerpt":{"rendered":"<p>Ve\u010dnamensko bla\u017eilno vzmet za .308\/6.5 CM karabinke in pu\u0161ke s prekomerno plinsko energijo.<\/p>\n","protected":false},"featured_media":495556,"template":"","meta":{"_acf_changed":false},"product_brand":[],"product_cat":[13432,13483,13494],"product_tag":[],"class_list":{"0":"post-535099","1":"product","2":"type-product","3":"status-publish","4":"has-post-thumbnail","6":"product_cat-nastavitve-puske","7":"product_cat-puska","8":"product_cat-vzmeti","10":"first","11":"instock","12":"taxable","13":"shipping-taxable","14":"purchasable","15":"product-type-simple"},"acf":[],"_links":{"self":[{"href":"https:\/\/staging.nbg.eu\/sl\/wp-json\/wp\/v2\/product\/535099","targetHints":{"allow":["GET"]}}],"collection":[{"href":"https:\/\/staging.nbg.eu\/sl\/wp-json\/wp\/v2\/product"}],"about":[{"href":"https:\/\/staging.nbg.eu\/sl\/wp-json\/wp\/v2\/types\/product"}],"wp:featuredmedia":[{"embeddable":true,"href":"https:\/\/staging.nbg.eu\/sl\/wp-json\/wp\/v2\/media\/495556"}],"wp:attachment":[{"href":"https:\/\/staging.nbg.eu\/sl\/wp-json\/wp\/v2\/media?parent=535099"}],"wp:term":[{"taxonomy":"product_brand","embeddable":true,"href":"https:\/\/staging.nbg.eu\/sl\/wp-json\/wp\/v2\/product_brand?post=535099"},{"taxonomy":"product_cat","embeddable":true,"href":"https:\/\/staging.nbg.eu\/sl\/wp-json\/wp\/v2\/product_cat?post=535099"},{"taxonomy":"product_tag","embeddable":true,"href":"https:\/\/staging.nbg.eu\/sl\/wp-json\/wp\/v2\/product_tag?post=535099"}],"curies":[{"name":"wp","href":"https:\/\/api.w.org\/{rel}","templated":true}]}}