{"id":53502,"date":"2024-03-04T08:51:50","date_gmt":"2024-09-13T12:50:12","guid":{"rendered":"https:\/\/staging.nbg.eu\/product\/bore-tech-proof-positive-bore-stix-multiple-calibers\/"},"modified":"2024-09-13T12:51:21","modified_gmt":"2024-09-13T12:51:21","slug":"bore-tech-proof-positive-bore-stix-razlicni-kalibri","status":"publish","type":"product","link":"https:\/\/staging.nbg.eu\/sl\/izdelek\/bore-tech-proof-positive-bore-stix-razlicni-kalibri\/","title":{"rendered":"Bore Tech Proof-Positive Bore Stix (razli\u010dni kalibri)"},"content":{"rendered":"<p>\n<strong>Bore Tech Proof-Positive Bore Stix (Ve\u010d kalibrov)<\/strong><br \/>\nBore Tech Proof-Positive Bore Stix\u2122 \u010distilne palice. Zna\u010dilnosti:<\/p>\n<ul>\n<li>Ro\u010daji s krogli\u010dnimi le\u017eaji za la\u017eje gibanje<\/li>\n<li>Prosto plavajo\u010da zasnova za natan\u010dno sledenje \u017elebovom<\/li>\n<li>Barvno kodirani, nedrse\u010di gumijasti oprijemi<\/li>\n<li>Zamenljiva, za cev varna konica, ki ni iz medenine<\/li>\n<li>Jekleno jedro za ve\u010djo togost<\/li>\n<li>Premaz z nizkim trenjem<\/li>\n<li>Sistem za prepoznavanje stopnje zasuka cevi<\/li>\n<\/ul>\n<p>Bore Tech Proof-Positive Bore Stix.<\/p>\n","protected":false},"excerpt":{"rendered":"<p>Precizne \u010distilne palice z ro\u010daji na krogli\u010dnih le\u017eajih in zamenljivimi konicami.<\/p>\n","protected":false},"featured_media":53503,"template":"","meta":{"_acf_changed":false},"product_brand":[11159],"product_cat":[13464,13423],"product_tag":[],"class_list":{"0":"post-53502","1":"product","2":"type-product","3":"status-publish","4":"has-post-thumbnail","6":"product_brand-boretech","7":"product_cat-ciscenje-orozja","8":"product_cat-cistilne-palice","10":"first","11":"instock","12":"taxable","13":"shipping-taxable","14":"purchasable","15":"product-type-variable","16":"wvs-archive-product-wrapper"},"acf":[],"_links":{"self":[{"href":"https:\/\/staging.nbg.eu\/sl\/wp-json\/wp\/v2\/product\/53502","targetHints":{"allow":["GET"]}}],"collection":[{"href":"https:\/\/staging.nbg.eu\/sl\/wp-json\/wp\/v2\/product"}],"about":[{"href":"https:\/\/staging.nbg.eu\/sl\/wp-json\/wp\/v2\/types\/product"}],"wp:featuredmedia":[{"embeddable":true,"href":"https:\/\/staging.nbg.eu\/sl\/wp-json\/wp\/v2\/media\/53503"}],"wp:attachment":[{"href":"https:\/\/staging.nbg.eu\/sl\/wp-json\/wp\/v2\/media?parent=53502"}],"wp:term":[{"taxonomy":"product_brand","embeddable":true,"href":"https:\/\/staging.nbg.eu\/sl\/wp-json\/wp\/v2\/product_brand?post=53502"},{"taxonomy":"product_cat","embeddable":true,"href":"https:\/\/staging.nbg.eu\/sl\/wp-json\/wp\/v2\/product_cat?post=53502"},{"taxonomy":"product_tag","embeddable":true,"href":"https:\/\/staging.nbg.eu\/sl\/wp-json\/wp\/v2\/product_tag?post=53502"}],"curies":[{"name":"wp","href":"https:\/\/api.w.org\/{rel}","templated":true}]}}