{"id":534985,"date":"2025-09-04T20:17:18","date_gmt":"2025-09-04T17:17:18","guid":{"rendered":"https:\/\/staging.nbg.eu\/product\/sprinco-usa-ar-308-buferna-pruzhina-25004-cherveno\/"},"modified":"2025-09-29T14:59:21","modified_gmt":"2025-09-29T11:59:21","slug":"sprinco-usa-ar-308-buferna-pruzhina-25004-cherveno","status":"publish","type":"product","link":"https:\/\/staging.nbg.eu\/sl\/izdelek\/sprinco-usa-ar-308-buferna-pruzhina-25004-cherveno\/","title":{"rendered":"SPRINCO USA AR .308 Buferna Pruzhina (25004) Cherveno"},"content":{"rendered":"<div class=\"product-description\">\n<h2>SPRINCO USA AR .308 Bla\u017eilna vzmet (25004) Rde\u010da<\/h2>\n<p>Izbolj\u0161ajte delovanje va\u0161ega strelnega oro\u017eja AR-platforme s SPRINCO USA AR .308 bla\u017eilno vzmetjo (25004) rde\u010de barve. Ta vzmet iz krom-silicija ponuja:<\/p>\n<ul>\n<li>Ve\u010djo vzdr\u017eljivost in \u017eivljenjsko dobo v primerjavi s standardnimi vzmetmi<\/li>\n<li>Izbolj\u0161ano zanesljivost in delovanje, zlasti v sistemih z ve\u010djim izpustom plina<\/li>\n<li>Zmanj\u0161ano odbijanje zaklepa za bolj teko\u010de delovanje<\/li>\n<li>Izbolj\u0161ano obvladovanje odsuna<\/li>\n<li>Zdru\u017eljivost s strelnim oro\u017ejem z du\u0161ilci zvoka<\/li>\n<\/ul>\n<p>Zasnovana posebej za bla\u017eilne sisteme karbin M4 in CAR-15, ta vzmet z dodatno mo\u010djo prihaja v rde\u010di barvi za la\u017ejo prepoznavnost. Pakirana je v za\u0161\u010ditni trdi cevi in je primerna za nadgradnjo karbin AR-15 platforme.<\/p>\n<\/div>\n","protected":false},"excerpt":{"rendered":"<p>Visoko zmogljiva AR .308 bla\u017eilna vzmet. Rde\u010de barve, izbolj\u0161a zanesljivost.<\/p>\n","protected":false},"featured_media":495533,"template":"","meta":{"_acf_changed":false},"product_brand":[],"product_cat":[13432,13494],"product_tag":[],"class_list":{"0":"post-534985","1":"product","2":"type-product","3":"status-publish","4":"has-post-thumbnail","6":"product_cat-nastavitve-puske","7":"product_cat-vzmeti","9":"first","10":"instock","11":"taxable","12":"shipping-taxable","13":"purchasable","14":"product-type-simple"},"acf":[],"_links":{"self":[{"href":"https:\/\/staging.nbg.eu\/sl\/wp-json\/wp\/v2\/product\/534985","targetHints":{"allow":["GET"]}}],"collection":[{"href":"https:\/\/staging.nbg.eu\/sl\/wp-json\/wp\/v2\/product"}],"about":[{"href":"https:\/\/staging.nbg.eu\/sl\/wp-json\/wp\/v2\/types\/product"}],"wp:featuredmedia":[{"embeddable":true,"href":"https:\/\/staging.nbg.eu\/sl\/wp-json\/wp\/v2\/media\/495533"}],"wp:attachment":[{"href":"https:\/\/staging.nbg.eu\/sl\/wp-json\/wp\/v2\/media?parent=534985"}],"wp:term":[{"taxonomy":"product_brand","embeddable":true,"href":"https:\/\/staging.nbg.eu\/sl\/wp-json\/wp\/v2\/product_brand?post=534985"},{"taxonomy":"product_cat","embeddable":true,"href":"https:\/\/staging.nbg.eu\/sl\/wp-json\/wp\/v2\/product_cat?post=534985"},{"taxonomy":"product_tag","embeddable":true,"href":"https:\/\/staging.nbg.eu\/sl\/wp-json\/wp\/v2\/product_tag?post=534985"}],"curies":[{"name":"wp","href":"https:\/\/api.w.org\/{rel}","templated":true}]}}