{"id":534880,"date":"2025-09-04T20:17:18","date_gmt":"2025-09-04T17:17:18","guid":{"rendered":"https:\/\/staging.nbg.eu\/product\/sprinco-usa-enhanced-4-coil-bolt-carrier-extractor-cs-spring-3-pak-25435-red\/"},"modified":"2025-09-29T14:50:22","modified_gmt":"2025-09-29T11:50:22","slug":"sprinco-usa-ojacana-4-vijacna-vzmet-za-izvlekalec-cs-3-pak-25435-rdeca","status":"publish","type":"product","link":"https:\/\/staging.nbg.eu\/sl\/izdelek\/sprinco-usa-ojacana-4-vijacna-vzmet-za-izvlekalec-cs-3-pak-25435-rdeca\/","title":{"rendered":"SPRINCO USA OJACANA 4-VIJACNA VZMET ZA IZVLEKALEC CS 3-PAK (25435) Rdeca"},"content":{"rendered":"<div class=\"product-description\">\n<h2>SPRINCO USA 4-SPIRALNA VZMETNA IZVLE\u010cNA VZMET ZA NOSILEC ZAKLEPA CS 3-PAKET (25435) Rde\u010da<\/h2>\n<p>Sprinco vzmetna izvle\u010dna vzmet za nosilec zaklepa, izdelana v ZDA. Izdelana iz toplotno obdelane, razbremenjene \u017eice iz krom-silicija, vzmet je kriogeno obdelana in prevle\u010dena z molibdenovim disulfidom za bolj\u0161o vzdr\u017eljivost.<\/p>\n<ul>\n<li>Ohranja podalj\u0161an delovni cikel obremenitve NOVE voja\u0161ke specifikacije vzmeti<\/li>\n<li>Primerno za dol\u017eine cevi 18&#8243;+ in pobiranje tulcev<\/li>\n<li>Odporna na toploto do 750\u00b0F<\/li>\n<li>Ekstremni delovni cikli s konstantno zmogljivostjo<\/li>\n<li>Dolgotrajna re\u0161itev &#8220;vstavi in uporabljaj&#8221;<\/li>\n<\/ul>\n<p>Nadgradite svoj sklop nosilca zaklepa s Sprinco izvle\u010dnimi vzmetmi za izbolj\u0161ano delovanje in dolgo \u017eivljenjsko dobo oro\u017eja.<\/p>\n<\/div>\n","protected":false},"excerpt":{"rendered":"<p>Trpe\u017ene 4-spiralne izvle\u010dne vzmeti za podalj\u0161ane delovne cikle. Izdelano v ZDA.<\/p>\n","protected":false},"featured_media":495507,"template":"","meta":{"_acf_changed":false},"product_brand":[],"product_cat":[13499],"product_tag":[],"class_list":{"0":"post-534880","1":"product","2":"type-product","3":"status-publish","4":"has-post-thumbnail","6":"product_cat-nekategorizirano","8":"first","9":"instock","10":"taxable","11":"shipping-taxable","12":"purchasable","13":"product-type-simple"},"acf":[],"_links":{"self":[{"href":"https:\/\/staging.nbg.eu\/sl\/wp-json\/wp\/v2\/product\/534880","targetHints":{"allow":["GET"]}}],"collection":[{"href":"https:\/\/staging.nbg.eu\/sl\/wp-json\/wp\/v2\/product"}],"about":[{"href":"https:\/\/staging.nbg.eu\/sl\/wp-json\/wp\/v2\/types\/product"}],"wp:featuredmedia":[{"embeddable":true,"href":"https:\/\/staging.nbg.eu\/sl\/wp-json\/wp\/v2\/media\/495507"}],"wp:attachment":[{"href":"https:\/\/staging.nbg.eu\/sl\/wp-json\/wp\/v2\/media?parent=534880"}],"wp:term":[{"taxonomy":"product_brand","embeddable":true,"href":"https:\/\/staging.nbg.eu\/sl\/wp-json\/wp\/v2\/product_brand?post=534880"},{"taxonomy":"product_cat","embeddable":true,"href":"https:\/\/staging.nbg.eu\/sl\/wp-json\/wp\/v2\/product_cat?post=534880"},{"taxonomy":"product_tag","embeddable":true,"href":"https:\/\/staging.nbg.eu\/sl\/wp-json\/wp\/v2\/product_tag?post=534880"}],"curies":[{"name":"wp","href":"https:\/\/api.w.org\/{rel}","templated":true}]}}