{"id":534767,"date":"2025-09-04T20:17:18","date_gmt":"2025-09-04T17:17:18","guid":{"rendered":"https:\/\/staging.nbg.eu\/product\/law-tactical-llc-ar-15-m16-gen3-m-folding-stock-adapter-fde-99313\/"},"modified":"2025-09-29T13:46:41","modified_gmt":"2025-09-29T10:46:41","slug":"law-tactical-llc-ar-15m16-gen3-m-zlozljivi-adapter-za-kopito-fde-99313","status":"publish","type":"product","link":"https:\/\/staging.nbg.eu\/sl\/izdelek\/law-tactical-llc-ar-15m16-gen3-m-zlozljivi-adapter-za-kopito-fde-99313\/","title":{"rendered":"LAW TACTICAL LLC AR-15\/M16 Gen3-M Zlo\u017eljivi Adapter za Kopito FDE (99313)"},"content":{"rendered":"<div class=\"product-description\">\n<h2>LAW TACTICAL LLC AR-15\/M16 Gen3-M Adapter za zlo\u017eljivo kopito FDE (99313)<\/h2>\n<p>LAW TACTICAL Gen3-M adapter za zlo\u017eljivo kopito, izdelan v ZDA. Ta jekleni adapter omogo\u010da enostavno namestitev zlo\u017eljivega kopita, kar ustvari kompaktno pu\u0161ko.<\/p>\n<ul>\n<li>Zdru\u017eljiv s standardnimi sistemi plinske ro\u010dice in plinskih batov<\/li>\n<li>Sprejema A2, mil-spec M4 in komercialne podalj\u0161ke cevi<\/li>\n<li>Deluje s standardnimi skupinami nosilcev zaklepa, vklju\u010dno s polno avtomatskimi in .308 velikostmi<\/li>\n<li>Delovanje z enim gumbom za hitro zlaganje in razpiranje<\/li>\n<li>Nastavljiva napetost te\u010daja<\/li>\n<li>DLC prevleka za trajnost<\/li>\n<li>Doda 1,3&#8243; dol\u017eine potega<\/li>\n<li>Te\u017ea: 8,5 oz<\/li>\n<\/ul>\n<p><strong>Opomba:<\/strong> Ne streljajte s pu\u0161ko, ko je kopito zlo\u017eeno. Zdru\u017eljiv samo s Centerfire in Mil-Spec nosilci ali zdru\u017eljivimi AR 9mm zaklopi.<\/p>\n<\/div>\n","protected":false},"excerpt":{"rendered":"<p>Kompakten adapter za zlo\u017eljivo kopito AR-15 za enostaven transport in shranjevanje.<\/p>\n","protected":false},"featured_media":495392,"template":"","meta":{"_acf_changed":false},"product_brand":[],"product_cat":[13443,13432,13483],"product_tag":[],"class_list":{"0":"post-534767","1":"product","2":"type-product","3":"status-publish","4":"has-post-thumbnail","6":"product_cat-kopita-puske","7":"product_cat-nastavitve-puske","8":"product_cat-puska","10":"first","11":"instock","12":"taxable","13":"shipping-taxable","14":"purchasable","15":"product-type-simple"},"acf":[],"_links":{"self":[{"href":"https:\/\/staging.nbg.eu\/sl\/wp-json\/wp\/v2\/product\/534767","targetHints":{"allow":["GET"]}}],"collection":[{"href":"https:\/\/staging.nbg.eu\/sl\/wp-json\/wp\/v2\/product"}],"about":[{"href":"https:\/\/staging.nbg.eu\/sl\/wp-json\/wp\/v2\/types\/product"}],"wp:featuredmedia":[{"embeddable":true,"href":"https:\/\/staging.nbg.eu\/sl\/wp-json\/wp\/v2\/media\/495392"}],"wp:attachment":[{"href":"https:\/\/staging.nbg.eu\/sl\/wp-json\/wp\/v2\/media?parent=534767"}],"wp:term":[{"taxonomy":"product_brand","embeddable":true,"href":"https:\/\/staging.nbg.eu\/sl\/wp-json\/wp\/v2\/product_brand?post=534767"},{"taxonomy":"product_cat","embeddable":true,"href":"https:\/\/staging.nbg.eu\/sl\/wp-json\/wp\/v2\/product_cat?post=534767"},{"taxonomy":"product_tag","embeddable":true,"href":"https:\/\/staging.nbg.eu\/sl\/wp-json\/wp\/v2\/product_tag?post=534767"}],"curies":[{"name":"wp","href":"https:\/\/api.w.org\/{rel}","templated":true}]}}