{"id":533889,"date":"2025-09-04T18:48:24","date_gmt":"2025-09-04T15:48:24","guid":{"rendered":"https:\/\/staging.nbg.eu\/product\/utg-h2-hard-coat-heavy-recoil-buffer-ar-15-m4-m16-rb-t6bfh2\/"},"modified":"2025-09-29T11:13:02","modified_gmt":"2025-09-29T08:13:02","slug":"utg-h2-tezki-blazilnik-odboja-s-trdo-prevleko-ar-15-m4-m16-rb-t6bfh2","status":"publish","type":"product","link":"https:\/\/staging.nbg.eu\/sl\/izdelek\/utg-h2-tezki-blazilnik-odboja-s-trdo-prevleko-ar-15-m4-m16-rb-t6bfh2\/","title":{"rendered":"UTG &#8211; H2 Te\u017eki Bla\u017eilnik Odboja s Trdo Prevleko &#8211; AR-15 \/ M4 \/ M16 &#8211; RB-T6BFH2"},"content":{"rendered":"<div class=\"product-description\">\n<h2>UTG &#8211; H2 Bla\u017eilec povratnega udarca &#8211; AR-15 \/ M4 \/ M16<\/h2>\n<p>UTG H2 bla\u017eilec povratnega udarca za AR-15 platformo. Zna\u010dilnosti tega bla\u017eilca so:<\/p>\n<ul>\n<li>2 te\u017eki volframovi ute\u017ei in 1 jeklena ute\u017e za bolj\u0161e delovanje in zanesljivost<\/li>\n<li>Oja\u010dano telo bla\u017eilca s trdo anodizacijo za vzdr\u017eljivost<\/li>\n<li>Tesno prilegajo\u010d se odbija\u010d za optimalno delovanje<\/li>\n<li>Skupna te\u017ea: 4,6 un\u010d<\/li>\n<\/ul>\n<p>Zdru\u017eljiv z modeli AR-15, M4 in M16, ta mat \u010drni bla\u017eilec je zasnovan za zmanj\u0161anje povratnega udarca. Kombinacija volframa, jekla in aluminija zagotavlja dolgotrajnost in dosledno delovanje.<\/p>\n<\/div>\n","protected":false},"excerpt":{"rendered":"<p>UTG H2 te\u017eki bla\u017eilnik povratnega sunka: Bolj gladko delovanje za karabinke AR-15.<\/p>\n","protected":false},"featured_media":494376,"template":"","meta":{"_acf_changed":false},"product_brand":[],"product_cat":[13432],"product_tag":[],"class_list":{"0":"post-533889","1":"product","2":"type-product","3":"status-publish","4":"has-post-thumbnail","6":"product_cat-nastavitve-puske","8":"first","9":"instock","10":"taxable","11":"shipping-taxable","12":"purchasable","13":"product-type-simple"},"acf":[],"_links":{"self":[{"href":"https:\/\/staging.nbg.eu\/sl\/wp-json\/wp\/v2\/product\/533889","targetHints":{"allow":["GET"]}}],"collection":[{"href":"https:\/\/staging.nbg.eu\/sl\/wp-json\/wp\/v2\/product"}],"about":[{"href":"https:\/\/staging.nbg.eu\/sl\/wp-json\/wp\/v2\/types\/product"}],"wp:featuredmedia":[{"embeddable":true,"href":"https:\/\/staging.nbg.eu\/sl\/wp-json\/wp\/v2\/media\/494376"}],"wp:attachment":[{"href":"https:\/\/staging.nbg.eu\/sl\/wp-json\/wp\/v2\/media?parent=533889"}],"wp:term":[{"taxonomy":"product_brand","embeddable":true,"href":"https:\/\/staging.nbg.eu\/sl\/wp-json\/wp\/v2\/product_brand?post=533889"},{"taxonomy":"product_cat","embeddable":true,"href":"https:\/\/staging.nbg.eu\/sl\/wp-json\/wp\/v2\/product_cat?post=533889"},{"taxonomy":"product_tag","embeddable":true,"href":"https:\/\/staging.nbg.eu\/sl\/wp-json\/wp\/v2\/product_tag?post=533889"}],"curies":[{"name":"wp","href":"https:\/\/api.w.org\/{rel}","templated":true}]}}