{"id":533778,"date":"2025-09-04T18:48:23","date_gmt":"2025-09-04T15:48:23","guid":{"rendered":"https:\/\/staging.nbg.eu\/product\/utg-h3-carbine-buffer-ar15-m4-rb-t6bfh3\/"},"modified":"2025-09-29T11:04:13","modified_gmt":"2025-09-29T08:04:13","slug":"utg-h3-karabinski-blazilnik-ar15-m4-rb-t6bfh3","status":"publish","type":"product","link":"https:\/\/staging.nbg.eu\/sl\/izdelek\/utg-h3-karabinski-blazilnik-ar15-m4-rb-t6bfh3\/","title":{"rendered":"UTG &#8211; H3 Karabinski Bla\u017eilnik &#8211; AR15 \/ M4 &#8211; RB-T6BFH3"},"content":{"rendered":"<div class=\"product-description\">\n<h2>UTG &#8211; H3 Karbinski Bla\u017eilnik &#8211; AR15 \/ M4 &#8211; RB-T6BFH3<\/h2>\n<p>Bla\u017eilnik Leapers UTG H3 za AR15 ima naslednje lastnosti:<\/p>\n<ul>\n<li>3 te\u017eke volframove ute\u017ei<\/li>\n<li>Oja\u010dano 6061-T6 aluminijasto ohi\u0161je z anodiziranim premazom<\/li>\n<li>Tesno prilegajo\u010d se kon\u010dni odbija\u010d<\/li>\n<li>Pove\u010duje \u010das zadr\u017eevanja in olaj\u0161a ekstrakcijo<\/li>\n<li>Zmanj\u0161uje ob\u010dutek odsuna<\/li>\n<li>Lahko izbolj\u0161a natan\u010dnost pri nekoliko te\u017ejih kalibrih<\/li>\n<\/ul>\n<p>Bla\u017eilnik tehta 5,4 oz in je zasnovan za AR platformo. Ta komponenta lahko izbolj\u0161a udobje in potencialno natan\u010dnost.<\/p>\n","protected":false},"excerpt":{"rendered":"<p>UTG H3 pu\u0161kina bla\u017eilna ute\u017e: Zmanj\u0161uje odsun, izbolj\u0161a udobje pri AR15\/M4.<\/p>\n","protected":false},"featured_media":494328,"template":"","meta":{"_acf_changed":false},"product_brand":[],"product_cat":[13432],"product_tag":[],"class_list":{"0":"post-533778","1":"product","2":"type-product","3":"status-publish","4":"has-post-thumbnail","6":"product_cat-nastavitve-puske","8":"first","9":"instock","10":"taxable","11":"shipping-taxable","12":"purchasable","13":"product-type-simple"},"acf":[],"_links":{"self":[{"href":"https:\/\/staging.nbg.eu\/sl\/wp-json\/wp\/v2\/product\/533778","targetHints":{"allow":["GET"]}}],"collection":[{"href":"https:\/\/staging.nbg.eu\/sl\/wp-json\/wp\/v2\/product"}],"about":[{"href":"https:\/\/staging.nbg.eu\/sl\/wp-json\/wp\/v2\/types\/product"}],"wp:featuredmedia":[{"embeddable":true,"href":"https:\/\/staging.nbg.eu\/sl\/wp-json\/wp\/v2\/media\/494328"}],"wp:attachment":[{"href":"https:\/\/staging.nbg.eu\/sl\/wp-json\/wp\/v2\/media?parent=533778"}],"wp:term":[{"taxonomy":"product_brand","embeddable":true,"href":"https:\/\/staging.nbg.eu\/sl\/wp-json\/wp\/v2\/product_brand?post=533778"},{"taxonomy":"product_cat","embeddable":true,"href":"https:\/\/staging.nbg.eu\/sl\/wp-json\/wp\/v2\/product_cat?post=533778"},{"taxonomy":"product_tag","embeddable":true,"href":"https:\/\/staging.nbg.eu\/sl\/wp-json\/wp\/v2\/product_tag?post=533778"}],"curies":[{"name":"wp","href":"https:\/\/api.w.org\/{rel}","templated":true}]}}