{"id":533606,"date":"2025-09-07T23:46:53","date_gmt":"2025-09-07T20:46:53","guid":{"rendered":"https:\/\/staging.nbg.eu\/product\/vanward-thread-insert\/"},"modified":"2025-09-29T10:51:10","modified_gmt":"2025-09-29T07:51:10","slug":"vanward-navojni-vlozek","status":"publish","type":"product","link":"https:\/\/staging.nbg.eu\/sl\/izdelek\/vanward-navojni-vlozek\/","title":{"rendered":"Vanward Navojni Vlozek"},"content":{"rendered":"<div class=\"product-description\">\n<h2>Vanward navojni vlo\u017eek<\/h2>\n<p>Izbolj\u0161ajte svoje du\u0161ilce Vanward Hunter in Hunter Pro z na\u0161imi jeklenimi navojnimi vlo\u017eki. Na voljo v ve\u010d velikostih in konfiguracijah za va\u0161e specifi\u010dne potrebe:<\/p>\n<ul>\n<li>M13<\/li>\n<li>M14<\/li>\n<li>M15<\/li>\n<li>M17<\/li>\n<li>M18<\/li>\n<li>M22<\/li>\n<\/ul>\n<p>Ti navojni vlo\u017eki so zasnovani za zagotavljanje varnega in natan\u010dnega prileganja pu\u0161i du\u0161ilca. Izdelani so iz jekla in zagotavljajo dolgo \u017eivljenjsko dobo ter optimalno delovanje v razli\u010dnih strelskih pogojih.<\/p>\n<p>Zdru\u017eljivi so z modeloma Vanward Hunter in Hunter Pro ter ponujajo prilagodljivost za ljubitelje strelnega oro\u017eja. Nadgradite svojo opremo du\u0161ilca z Vanwardovimi navojnimi vlo\u017eki.<\/p>\n<\/div>\n","protected":false},"excerpt":{"rendered":"<p>Vstavek za navoj Vanward: Jekleni vstavki za du\u0161ilce Hunter, M13-M22.<\/p>\n","protected":false},"featured_media":501465,"template":"","meta":{"_acf_changed":false},"product_brand":[11948,11949],"product_cat":[13418,13436,13455],"product_tag":[],"class_list":{"0":"post-533606","1":"product","2":"type-product","3":"status-publish","4":"has-post-thumbnail","6":"product_brand-vanward","8":"product_cat-dusilci","9":"product_cat-dusilci-za-puske","10":"product_cat-pribor-za-dusilce","12":"first","13":"instock","14":"taxable","15":"shipping-taxable","16":"purchasable","17":"product-type-variable","18":"wvs-archive-product-wrapper"},"acf":[],"_links":{"self":[{"href":"https:\/\/staging.nbg.eu\/sl\/wp-json\/wp\/v2\/product\/533606","targetHints":{"allow":["GET"]}}],"collection":[{"href":"https:\/\/staging.nbg.eu\/sl\/wp-json\/wp\/v2\/product"}],"about":[{"href":"https:\/\/staging.nbg.eu\/sl\/wp-json\/wp\/v2\/types\/product"}],"wp:featuredmedia":[{"embeddable":true,"href":"https:\/\/staging.nbg.eu\/sl\/wp-json\/wp\/v2\/media\/501465"}],"wp:attachment":[{"href":"https:\/\/staging.nbg.eu\/sl\/wp-json\/wp\/v2\/media?parent=533606"}],"wp:term":[{"taxonomy":"product_brand","embeddable":true,"href":"https:\/\/staging.nbg.eu\/sl\/wp-json\/wp\/v2\/product_brand?post=533606"},{"taxonomy":"product_cat","embeddable":true,"href":"https:\/\/staging.nbg.eu\/sl\/wp-json\/wp\/v2\/product_cat?post=533606"},{"taxonomy":"product_tag","embeddable":true,"href":"https:\/\/staging.nbg.eu\/sl\/wp-json\/wp\/v2\/product_tag?post=533606"}],"curies":[{"name":"wp","href":"https:\/\/api.w.org\/{rel}","templated":true}]}}