{"id":533147,"date":"2025-09-04T18:25:08","date_gmt":"2025-09-04T15:25:08","guid":{"rendered":"https:\/\/staging.nbg.eu\/product\/ftcs-gas-tube-cover-round-holes-ak-cerakote-black-nr-31\/"},"modified":"2025-09-29T10:18:49","modified_gmt":"2025-09-29T07:18:49","slug":"ftcs-pokrov-plinske-cevi-okrogle-odprtine-ak-cerakote-crn-st-31","status":"publish","type":"product","link":"https:\/\/staging.nbg.eu\/sl\/izdelek\/ftcs-pokrov-plinske-cevi-okrogle-odprtine-ak-cerakote-crn-st-31\/","title":{"rendered":"FTCS &#8211; Pokrov Plinske Cevi &#8211; Okrogle Odprtine &#8211; AK &#8211; Cerakote &#8211; Crn &#8211; St. 31"},"content":{"rendered":"<div class=\"product-description\">\n<h2>FTCS Pokrov plinske cevi &#8211; Okrogle luknje &#8211; AK &#8211; Cerakote \u010drna &#8211; \u0160t. 31<\/h2>\n<p>Pokrov plinske cevi za karabinke dru\u017eine AK od FTCS. Izdelan iz nerjave\u010dega jekla in prevle\u010den s Cerakote premazom.<\/p>\n<ul>\n<li>Natan\u010dno prileganje za enostavno namestitev<\/li>\n<li>Notranja oja\u010ditev za ve\u010djo togost<\/li>\n<li>Okrogle odprtine za odvajanje toplote<\/li>\n<li>Cerakote zaklju\u010dek v \u010drni barvi Graphite H-146<\/li>\n<li>Zdru\u017eljiv s FTCS kopiti \u0161t. 1-6<\/li>\n<li>Dimenzije: 110 x 35 mm<\/li>\n<li>Te\u017ea: 54 g<\/li>\n<\/ul>\n<p>Pokrov plinske cevi za AK. Primeren za lastnike oro\u017eja, ki cenijo obliko in funkcionalnost.<\/p>\n<\/div>\n","protected":false},"excerpt":{"rendered":"<p>AK pokrov plinske cevi, okrogle luknje, \u010drn Cerakote premaz, nerjavno jeklo<\/p>\n","protected":false},"featured_media":494137,"template":"","meta":{"_acf_changed":false},"product_brand":[11325,11326],"product_cat":[13417,13432,13483],"product_tag":[],"class_list":{"0":"post-533147","1":"product","2":"type-product","3":"status-publish","4":"has-post-thumbnail","6":"product_brand-ftcs","8":"product_cat-ak-nastavitve","9":"product_cat-nastavitve-puske","10":"product_cat-puska","12":"first","13":"instock","14":"taxable","15":"shipping-taxable","16":"purchasable","17":"product-type-simple"},"acf":[],"_links":{"self":[{"href":"https:\/\/staging.nbg.eu\/sl\/wp-json\/wp\/v2\/product\/533147","targetHints":{"allow":["GET"]}}],"collection":[{"href":"https:\/\/staging.nbg.eu\/sl\/wp-json\/wp\/v2\/product"}],"about":[{"href":"https:\/\/staging.nbg.eu\/sl\/wp-json\/wp\/v2\/types\/product"}],"wp:featuredmedia":[{"embeddable":true,"href":"https:\/\/staging.nbg.eu\/sl\/wp-json\/wp\/v2\/media\/494137"}],"wp:attachment":[{"href":"https:\/\/staging.nbg.eu\/sl\/wp-json\/wp\/v2\/media?parent=533147"}],"wp:term":[{"taxonomy":"product_brand","embeddable":true,"href":"https:\/\/staging.nbg.eu\/sl\/wp-json\/wp\/v2\/product_brand?post=533147"},{"taxonomy":"product_cat","embeddable":true,"href":"https:\/\/staging.nbg.eu\/sl\/wp-json\/wp\/v2\/product_cat?post=533147"},{"taxonomy":"product_tag","embeddable":true,"href":"https:\/\/staging.nbg.eu\/sl\/wp-json\/wp\/v2\/product_tag?post=533147"}],"curies":[{"name":"wp","href":"https:\/\/api.w.org\/{rel}","templated":true}]}}