{"id":533040,"date":"2025-09-04T18:25:08","date_gmt":"2025-09-04T15:25:08","guid":{"rendered":"https:\/\/staging.nbg.eu\/product\/ftcs-gas-tube-cover-oblong-holes-ak-cerakote-black-nr-30\/"},"modified":"2025-09-29T10:10:53","modified_gmt":"2025-09-29T07:10:53","slug":"ftcs-pokrov-plinske-cevi-podolgovate-odprtine-ak-cerakote-crn-st-30","status":"publish","type":"product","link":"https:\/\/staging.nbg.eu\/sl\/izdelek\/ftcs-pokrov-plinske-cevi-podolgovate-odprtine-ak-cerakote-crn-st-30\/","title":{"rendered":"FTCS &#8211; Pokrov Plinske Cevi &#8211; Podolgovate Odprtine &#8211; AK &#8211; Cerakote &#8211; Crn &#8211; St. 30"},"content":{"rendered":"<div class=\"product-description\">\n<h2>FTCS Pokrov plinske cevi &#8211; Podolgovate luknje &#8211; AK &#8211; Cerakote \u010drna &#8211; \u0160t. 30<\/h2>\n<p>FTCS Pokrov plinske cevi za AK. Ta dodatek vklju\u010duje:<\/p>\n<ul>\n<li>Cerakote \u010drna povr\u0161ina za odpornost proti koroziji<\/li>\n<li>Podolgovate luknje za odvajanje toplote<\/li>\n<li>Zdru\u017eljiv z ve\u010dino pu\u0161k tipa AK<\/li>\n<li>Enostavna namestitev &#8211; ne zahteva pu\u0161karja<\/li>\n<li>Zmanj\u0161uje ob\u010dutek toplote med dalj\u0161im streljanjem<\/li>\n<li>Primeren za takti\u010dne konfiguracije<\/li>\n<\/ul>\n<p>FTCS Pokrov plinske cevi \u0160t. 30 za AK za bolj\u0161e delovanje in druga\u010den videz.<\/p>\n<\/div>\n","protected":false},"excerpt":{"rendered":"<p>Plinska cev za AK s podolgovatimi luknjami. \u010crna Cerakote prevleka. #30.<\/p>\n","protected":false},"featured_media":494068,"template":"","meta":{"_acf_changed":false},"product_brand":[11325,11326],"product_cat":[13417,13432,13483],"product_tag":[],"class_list":{"0":"post-533040","1":"product","2":"type-product","3":"status-publish","4":"has-post-thumbnail","6":"product_brand-ftcs","8":"product_cat-ak-nastavitve","9":"product_cat-nastavitve-puske","10":"product_cat-puska","12":"first","13":"instock","14":"taxable","15":"shipping-taxable","16":"purchasable","17":"product-type-simple"},"acf":[],"_links":{"self":[{"href":"https:\/\/staging.nbg.eu\/sl\/wp-json\/wp\/v2\/product\/533040","targetHints":{"allow":["GET"]}}],"collection":[{"href":"https:\/\/staging.nbg.eu\/sl\/wp-json\/wp\/v2\/product"}],"about":[{"href":"https:\/\/staging.nbg.eu\/sl\/wp-json\/wp\/v2\/types\/product"}],"wp:featuredmedia":[{"embeddable":true,"href":"https:\/\/staging.nbg.eu\/sl\/wp-json\/wp\/v2\/media\/494068"}],"wp:attachment":[{"href":"https:\/\/staging.nbg.eu\/sl\/wp-json\/wp\/v2\/media?parent=533040"}],"wp:term":[{"taxonomy":"product_brand","embeddable":true,"href":"https:\/\/staging.nbg.eu\/sl\/wp-json\/wp\/v2\/product_brand?post=533040"},{"taxonomy":"product_cat","embeddable":true,"href":"https:\/\/staging.nbg.eu\/sl\/wp-json\/wp\/v2\/product_cat?post=533040"},{"taxonomy":"product_tag","embeddable":true,"href":"https:\/\/staging.nbg.eu\/sl\/wp-json\/wp\/v2\/product_tag?post=533040"}],"curies":[{"name":"wp","href":"https:\/\/api.w.org\/{rel}","templated":true}]}}