{"id":532929,"date":"2025-09-04T18:24:40","date_gmt":"2025-09-04T15:24:40","guid":{"rendered":"https:\/\/staging.nbg.eu\/product\/ftcs-reloading-handle-cap-ak-nrp-2-0-ak-platform\/"},"modified":"2025-09-29T10:03:01","modified_gmt":"2025-09-29T07:03:01","slug":"ftcs-rocica-za-polnjenje-ak-nrp-20-ak-platforma","status":"publish","type":"product","link":"https:\/\/staging.nbg.eu\/sl\/izdelek\/ftcs-rocica-za-polnjenje-ak-nrp-20-ak-platforma\/","title":{"rendered":"FTCS &#8211; Rocica za Polnjenje AK NRP 2.0 &#8211; AK Platforma"},"content":{"rendered":"<h2>FTCS &#8211; Pokrov\u010dek ro\u010daja za polnjenje AK NRP 2.0 &#8211; AK platforma<\/h2>\n<p>FTCS pokrov\u010dek ro\u010daja za polnjenje AK NRP 2.0 izbolj\u0161a ergonomijo va\u0161e AK pu\u0161ke. Ta aluminijasti pokrov\u010dek se prilega ve\u010dini pu\u0161k AK platforme in nudi bolj\u0161i oprijem in rokovanje.<\/p>\n<h2>Klju\u010dne lastnosti:<\/h2>\n<ul>\n<li>Zdru\u017eljiv z ve\u010dino pu\u0161k AK platforme<\/li>\n<li>Trpe\u017ena aluminijasta konstrukcija<\/li>\n<li>Narebren za bolj\u0161i oprijem<\/li>\n<li>Enostavna namestitev s tremi vijaki<\/li>\n<li>\u010crna povr\u0161inska obdelava<\/li>\n<\/ul>\n<p>Ta ergonomski pokrov\u010dek izbolj\u0161a nadzor in zmanj\u0161a drsenje. Narebrena povr\u0161ina zagotavlja dober oprijem, tudi pri uporabi takti\u010dnih rokavic. Izbolj\u0161a rokovanje z oro\u017ejem brez dodajanja prekomerne te\u017ee.<\/p>\n<p>Enostavno namestitev omogo\u010dajo prilo\u017eeni vijaki.<\/p>\n","protected":false},"excerpt":{"rendered":"<p>Aluminijasta kapica za ro\u010daj za polnjenje AK. Narebri\u010dena za bolj\u0161i oprijem. Enostavna namestitev.<\/p>\n","protected":false},"featured_media":493930,"template":"","meta":{"_acf_changed":false},"product_brand":[11326],"product_cat":[13417,13432,13483],"product_tag":[],"class_list":{"0":"post-532929","1":"product","2":"type-product","3":"status-publish","4":"has-post-thumbnail","6":"product_brand-ftcs","7":"product_cat-ak-nastavitve","8":"product_cat-nastavitve-puske","9":"product_cat-puska","11":"first","12":"instock","13":"taxable","14":"shipping-taxable","15":"purchasable","16":"product-type-variable","17":"wvs-archive-product-wrapper"},"acf":[],"_links":{"self":[{"href":"https:\/\/staging.nbg.eu\/sl\/wp-json\/wp\/v2\/product\/532929","targetHints":{"allow":["GET"]}}],"collection":[{"href":"https:\/\/staging.nbg.eu\/sl\/wp-json\/wp\/v2\/product"}],"about":[{"href":"https:\/\/staging.nbg.eu\/sl\/wp-json\/wp\/v2\/types\/product"}],"wp:featuredmedia":[{"embeddable":true,"href":"https:\/\/staging.nbg.eu\/sl\/wp-json\/wp\/v2\/media\/493930"}],"wp:attachment":[{"href":"https:\/\/staging.nbg.eu\/sl\/wp-json\/wp\/v2\/media?parent=532929"}],"wp:term":[{"taxonomy":"product_brand","embeddable":true,"href":"https:\/\/staging.nbg.eu\/sl\/wp-json\/wp\/v2\/product_brand?post=532929"},{"taxonomy":"product_cat","embeddable":true,"href":"https:\/\/staging.nbg.eu\/sl\/wp-json\/wp\/v2\/product_cat?post=532929"},{"taxonomy":"product_tag","embeddable":true,"href":"https:\/\/staging.nbg.eu\/sl\/wp-json\/wp\/v2\/product_tag?post=532929"}],"curies":[{"name":"wp","href":"https:\/\/api.w.org\/{rel}","templated":true}]}}