{"id":532768,"date":"2025-09-04T17:51:31","date_gmt":"2025-09-04T14:51:31","guid":{"rendered":"https:\/\/staging.nbg.eu\/product\/strike-industries-mass-driver-comp-for-glock-17-gen4\/"},"modified":"2025-09-29T09:50:13","modified_gmt":"2025-09-29T06:50:13","slug":"strike-industries-mass-driver-comp-za-glock-17-gen4","status":"publish","type":"product","link":"https:\/\/staging.nbg.eu\/sl\/izdelek\/strike-industries-mass-driver-comp-za-glock-17-gen4\/","title":{"rendered":"Strike Industries &#8211; Mass Driver Comp za Glock 17 Gen4"},"content":{"rendered":"<h2>Strike Industries &#8211; Kompenzator Mass Driver za Glock 17 Gen4<\/h2>\n<p>Kompenzator Strike Industries Mass Driver (MDC) za Glock 17 Gen4 je zasnovan po vzoru teoreti\u010dnih motorjev na masni pogon v vesoljskih potovanjih. Ta kompenzator zmanj\u0161uje mehanski odsun brez vpliva na zanesljivost delovanja.<\/p>\n<h2>Klju\u010dne lastnosti:<\/h2>\n<ul>\n<li>Po v\u017eigu se lo\u010di od delujo\u010dih komponent<\/li>\n<li>Ohranja hitrosti cikla blizu tovarni\u0161kih<\/li>\n<li>Zmanj\u0161uje recipro\u010dno maso<\/li>\n<li>Raz\u0161irjena cev za zmanj\u0161anje udarcev v pregrado in prevra\u010danja izstrelkov<\/li>\n<li>2,5 mm razbremenilni rez za prepre\u010devanje po\u0161kodb zaklepa<\/li>\n<li>Zdru\u017eljiv z ve\u010dino nadomestnih navojnih cevi<\/li>\n<li>Primeren za zaklepe GLOCK\u2122 GEN3, GEN4 in GEN5 G17<\/li>\n<li>Deluje z ve\u010dino odprtih tok<\/li>\n<\/ul>\n<p><strong>Opomba:<\/strong> Priporo\u010den navor za matico vodilne palice: 25 lbs\/in. Uporaba streliva +P in +P+ lahko povzro\u010di prezgodnjo obrabo.<\/p>\n","protected":false},"excerpt":{"rendered":"<p>Revolucionarna zasnova kompenzatorja za zmanj\u0161an odsun in hitrej\u0161e delovanje.<\/p>\n","protected":false},"featured_media":493845,"template":"","meta":{"_acf_changed":false},"product_brand":[],"product_cat":[13484,13440],"product_tag":[],"class_list":{"0":"post-532768","1":"product","2":"type-product","3":"status-publish","4":"has-post-thumbnail","6":"product_cat-deli-za-pistole","7":"product_cat-pistola","9":"first","10":"instock","11":"taxable","12":"shipping-taxable","13":"purchasable","14":"product-type-simple"},"acf":[],"_links":{"self":[{"href":"https:\/\/staging.nbg.eu\/sl\/wp-json\/wp\/v2\/product\/532768","targetHints":{"allow":["GET"]}}],"collection":[{"href":"https:\/\/staging.nbg.eu\/sl\/wp-json\/wp\/v2\/product"}],"about":[{"href":"https:\/\/staging.nbg.eu\/sl\/wp-json\/wp\/v2\/types\/product"}],"wp:featuredmedia":[{"embeddable":true,"href":"https:\/\/staging.nbg.eu\/sl\/wp-json\/wp\/v2\/media\/493845"}],"wp:attachment":[{"href":"https:\/\/staging.nbg.eu\/sl\/wp-json\/wp\/v2\/media?parent=532768"}],"wp:term":[{"taxonomy":"product_brand","embeddable":true,"href":"https:\/\/staging.nbg.eu\/sl\/wp-json\/wp\/v2\/product_brand?post=532768"},{"taxonomy":"product_cat","embeddable":true,"href":"https:\/\/staging.nbg.eu\/sl\/wp-json\/wp\/v2\/product_cat?post=532768"},{"taxonomy":"product_tag","embeddable":true,"href":"https:\/\/staging.nbg.eu\/sl\/wp-json\/wp\/v2\/product_tag?post=532768"}],"curies":[{"name":"wp","href":"https:\/\/api.w.org\/{rel}","templated":true}]}}