{"id":532659,"date":"2025-09-04T17:51:31","date_gmt":"2025-09-04T14:51:31","guid":{"rendered":"https:\/\/staging.nbg.eu\/product\/strike-industries-mass-driver-comp-for-glock-17-gen5-black-si-g5-mdcomp-s\/"},"modified":"2025-09-29T09:41:47","modified_gmt":"2025-09-29T06:41:47","slug":"strike-industries-mass-driver-comp-za-glock-17-gen5-crn-si-g5-mdcomp-s","status":"publish","type":"product","link":"https:\/\/staging.nbg.eu\/sl\/izdelek\/strike-industries-mass-driver-comp-za-glock-17-gen5-crn-si-g5-mdcomp-s\/","title":{"rendered":"Strike Industries &#8211; Mass Driver Comp za Glock 17 Gen5 &#8211; Crn &#8211; SI-G5-MDCOMP-S"},"content":{"rendered":"<h2>Strike Industries kompenzator za Glock 17 Gen5 &#8211; \u010crn<\/h2>\n<p>Strike Industries Mass Driver Compensator (MDC) za Glock 17 Gen5. Ta zasnova predstavlja napredek v tehnologiji kompenzatorjev, navdihnjen s teoreti\u010dnimi pogonskimi motorji v vesoljskih potovanjih.<\/p>\n<ul>\n<li>Zmanj\u0161uje mehanski odsun brez vplivanja na hitrost cikla<\/li>\n<li>Zmanj\u0161uje recipro\u010dno maso za izbolj\u0161ano delovanje<\/li>\n<li>Raz\u0161irjena odprtina za prepre\u010devanje udarcev v pregrado in klju\u010dne luknje<\/li>\n<li>2,5 mm razbremenilni rez za za\u0161\u010dito drse\u010da pi\u0161tole<\/li>\n<li>Zdru\u017eljiv z ve\u010dino nadomestnih navojnih cevi<\/li>\n<li>Primeren za GLOCK\u2122 GEN3, GEN4 in GEN5 G19 &amp; G17 drse<\/li>\n<li>Deluje z ve\u010dino odprtih torbic, ki sprejemajo kompenzatorje<\/li>\n<\/ul>\n<p><strong>Opomba:<\/strong> Priporo\u010deni navor za matico vodilne palice: 25 lbs\/in. Uporaba streliva +P in +P+ lahko povzro\u010di prezgodnjo obrabo.<\/p>\n","protected":false},"excerpt":{"rendered":"<p>Strike Industries MDC: Revolucionarno zmanj\u0161anje odsuna za Glock 17 Gen5.<\/p>\n","protected":false},"featured_media":493799,"template":"","meta":{"_acf_changed":false},"product_brand":[],"product_cat":[13484,13440],"product_tag":[],"class_list":{"0":"post-532659","1":"product","2":"type-product","3":"status-publish","4":"has-post-thumbnail","6":"product_cat-deli-za-pistole","7":"product_cat-pistola","9":"first","10":"instock","11":"taxable","12":"shipping-taxable","13":"purchasable","14":"product-type-simple"},"acf":[],"_links":{"self":[{"href":"https:\/\/staging.nbg.eu\/sl\/wp-json\/wp\/v2\/product\/532659","targetHints":{"allow":["GET"]}}],"collection":[{"href":"https:\/\/staging.nbg.eu\/sl\/wp-json\/wp\/v2\/product"}],"about":[{"href":"https:\/\/staging.nbg.eu\/sl\/wp-json\/wp\/v2\/types\/product"}],"wp:featuredmedia":[{"embeddable":true,"href":"https:\/\/staging.nbg.eu\/sl\/wp-json\/wp\/v2\/media\/493799"}],"wp:attachment":[{"href":"https:\/\/staging.nbg.eu\/sl\/wp-json\/wp\/v2\/media?parent=532659"}],"wp:term":[{"taxonomy":"product_brand","embeddable":true,"href":"https:\/\/staging.nbg.eu\/sl\/wp-json\/wp\/v2\/product_brand?post=532659"},{"taxonomy":"product_cat","embeddable":true,"href":"https:\/\/staging.nbg.eu\/sl\/wp-json\/wp\/v2\/product_cat?post=532659"},{"taxonomy":"product_tag","embeddable":true,"href":"https:\/\/staging.nbg.eu\/sl\/wp-json\/wp\/v2\/product_tag?post=532659"}],"curies":[{"name":"wp","href":"https:\/\/api.w.org\/{rel}","templated":true}]}}