{"id":531320,"date":"2025-09-04T17:51:30","date_gmt":"2025-09-04T14:51:30","guid":{"rendered":"https:\/\/staging.nbg.eu\/product\/strike-industries-mass-driver-comp-for-glock-19-gen4\/"},"modified":"2025-09-26T17:55:54","modified_gmt":"2025-09-26T14:55:54","slug":"strike-industries-mass-driver-comp-kompenzator-za-glock-19-gen4","status":"publish","type":"product","link":"https:\/\/staging.nbg.eu\/sl\/izdelek\/strike-industries-mass-driver-comp-kompenzator-za-glock-19-gen4\/","title":{"rendered":"Strike Industries &#8211; Mass Driver Comp kompenzator za Glock 19 Gen4"},"content":{"rendered":"<h2>Strike Industries kompenzator za Glock 19 Gen4<\/h2>\n<p>Strike Industries Mass Driver Compensator (MDC) za Glock 19 Gen4 ponuja:<\/p>\n<ul>\n<li>Zmanj\u0161an mehanski odsun s sistemom protiute\u017ei<\/li>\n<li>Hitrosti ciklov blizu originalni za zanesljivo delovanje<\/li>\n<li>Raz\u0161irjeno cev za prepre\u010devanje udarcev in nestabilnosti izstrelkov<\/li>\n<li>2,5 mm razbremenilni rez za za\u0161\u010dito \u010dela zaklopa<\/li>\n<li>Zdru\u017eljivost z ve\u010dino nadomestnih navojnih cevi<\/li>\n<li>Primeren za Gen3, Gen4 in Gen5 G19 in G17 zaklope<\/li>\n<li>Deluje z odprtimi tokovi, ki omogo\u010dajo kompenzatorje<\/li>\n<\/ul>\n<p>Opomba: Priporo\u010den navor 25 lbs\/in za matico vodilne palice. Uporaba streliva +P in +P+ lahko povzro\u010di pred\u010dasno obrabo.<\/p>\n","protected":false},"excerpt":{"rendered":"<p>Revolucionarni kompenzator za Glock 19 Gen4. Zmanj\u0161uje odsun in dviganje cevi.<\/p>\n","protected":false},"featured_media":493683,"template":"","meta":{"_acf_changed":false},"product_brand":[],"product_cat":[13499],"product_tag":[],"class_list":{"0":"post-531320","1":"product","2":"type-product","3":"status-publish","4":"has-post-thumbnail","6":"product_cat-nekategorizirano","8":"first","9":"instock","10":"taxable","11":"shipping-taxable","12":"purchasable","13":"product-type-simple"},"acf":[],"_links":{"self":[{"href":"https:\/\/staging.nbg.eu\/sl\/wp-json\/wp\/v2\/product\/531320","targetHints":{"allow":["GET"]}}],"collection":[{"href":"https:\/\/staging.nbg.eu\/sl\/wp-json\/wp\/v2\/product"}],"about":[{"href":"https:\/\/staging.nbg.eu\/sl\/wp-json\/wp\/v2\/types\/product"}],"wp:featuredmedia":[{"embeddable":true,"href":"https:\/\/staging.nbg.eu\/sl\/wp-json\/wp\/v2\/media\/493683"}],"wp:attachment":[{"href":"https:\/\/staging.nbg.eu\/sl\/wp-json\/wp\/v2\/media?parent=531320"}],"wp:term":[{"taxonomy":"product_brand","embeddable":true,"href":"https:\/\/staging.nbg.eu\/sl\/wp-json\/wp\/v2\/product_brand?post=531320"},{"taxonomy":"product_cat","embeddable":true,"href":"https:\/\/staging.nbg.eu\/sl\/wp-json\/wp\/v2\/product_cat?post=531320"},{"taxonomy":"product_tag","embeddable":true,"href":"https:\/\/staging.nbg.eu\/sl\/wp-json\/wp\/v2\/product_tag?post=531320"}],"curies":[{"name":"wp","href":"https:\/\/api.w.org\/{rel}","templated":true}]}}