{"id":531098,"date":"2025-09-04T17:50:56","date_gmt":"2025-09-04T14:50:56","guid":{"rendered":"https:\/\/staging.nbg.eu\/product\/wbp-rogow-mounting-kit-for-enlarged-magazine-latch-ak-akm-ak-74\/"},"modified":"2025-09-26T16:31:10","modified_gmt":"2025-09-26T13:31:10","slug":"wbp-rogow-komplet-za-montazo-povecanega-zapaha-za-nabojnik-ak-akm-ak-74","status":"publish","type":"product","link":"https:\/\/staging.nbg.eu\/sl\/izdelek\/wbp-rogow-komplet-za-montazo-povecanega-zapaha-za-nabojnik-ak-akm-ak-74\/","title":{"rendered":"WBP Rog\u00f3w &#8211; Komplet za monta\u017eo pove\u010danega zapaha za nabojnik &#8211; AK \/ AKM \/ AK-74"},"content":{"rendered":"<h2>WBP Rog\u00f3w &#8211; Komplet za monta\u017eo pove\u010dane zapore nabojnika &#8211; AK \/ AKM \/ AK-74<\/h2>\n<p>Ta komplet za monta\u017eo pove\u010dane zapore nabojnika od WBP Rog\u00f3w izbolj\u0161a ergonomijo va\u0161e pu\u0161ke AK. Zasnovan je za hitro in enostavno namestitev ter ponuja izbolj\u0161ano funkcionalnost in rokovanje za razli\u010dne pu\u0161ke dru\u017eine AK.<\/p>\n<h2>Klju\u010dne lastnosti:<\/h2>\n<ul>\n<li>Pove\u010dana povr\u0161ina za la\u017eje odstranjevanje nabojnika<\/li>\n<li>Zdru\u017eljiv s priljubljenimi modeli AK, AKM in AK-74<\/li>\n<li>Omogo\u010da hitrej\u0161e polnjenje<\/li>\n<li>Vklju\u010duje vzmet in os<\/li>\n<li>Izdelan iz trpe\u017enega oksidiranega jekla<\/li>\n<li>\u010crna zaklju\u010dna obdelava<\/li>\n<\/ul>\n<p>Dimenzije: 51 x 24 x 15 mm<br \/>\nTe\u017ea: 16 g<\/p>\n<p>Nadgradite mehanizem za sprostitev nabojnika va\u0161e pu\u0161ke AK za izbolj\u0161ano delovanje in uporabni\u0161ko izku\u0161njo.<\/p>\n","protected":false},"excerpt":{"rendered":"<p>Komplet pove\u010dane zapore za nabojnik AK. Enostavna namestitev, izbolj\u0161ana ergonomija. Jeklo, \u010drne barve.<\/p>\n","protected":false},"featured_media":493614,"template":"","meta":{"_acf_changed":false},"product_brand":[],"product_cat":[13499],"product_tag":[],"class_list":{"0":"post-531098","1":"product","2":"type-product","3":"status-publish","4":"has-post-thumbnail","6":"product_cat-nekategorizirano","8":"first","9":"instock","10":"taxable","11":"shipping-taxable","12":"purchasable","13":"product-type-simple"},"acf":[],"_links":{"self":[{"href":"https:\/\/staging.nbg.eu\/sl\/wp-json\/wp\/v2\/product\/531098","targetHints":{"allow":["GET"]}}],"collection":[{"href":"https:\/\/staging.nbg.eu\/sl\/wp-json\/wp\/v2\/product"}],"about":[{"href":"https:\/\/staging.nbg.eu\/sl\/wp-json\/wp\/v2\/types\/product"}],"wp:featuredmedia":[{"embeddable":true,"href":"https:\/\/staging.nbg.eu\/sl\/wp-json\/wp\/v2\/media\/493614"}],"wp:attachment":[{"href":"https:\/\/staging.nbg.eu\/sl\/wp-json\/wp\/v2\/media?parent=531098"}],"wp:term":[{"taxonomy":"product_brand","embeddable":true,"href":"https:\/\/staging.nbg.eu\/sl\/wp-json\/wp\/v2\/product_brand?post=531098"},{"taxonomy":"product_cat","embeddable":true,"href":"https:\/\/staging.nbg.eu\/sl\/wp-json\/wp\/v2\/product_cat?post=531098"},{"taxonomy":"product_tag","embeddable":true,"href":"https:\/\/staging.nbg.eu\/sl\/wp-json\/wp\/v2\/product_tag?post=531098"}],"curies":[{"name":"wp","href":"https:\/\/api.w.org\/{rel}","templated":true}]}}