{"id":530975,"date":"2025-09-04T17:49:03","date_gmt":"2025-09-04T14:49:03","guid":{"rendered":"https:\/\/staging.nbg.eu\/product\/magpul-moe-sl-ak-grip-for-ak47-ak74-fde-mag682-fde\/"},"modified":"2025-09-26T16:16:32","modified_gmt":"2025-09-26T13:16:32","slug":"magpul-moe-sl-ak-rocaj-za-ak47ak74-fde-mag682-fde","status":"publish","type":"product","link":"https:\/\/staging.nbg.eu\/sl\/izdelek\/magpul-moe-sl-ak-rocaj-za-ak47ak74-fde-mag682-fde\/","title":{"rendered":"Magpul &#8211; MOE SL AK ro\u010daj za AK47\/AK74 &#8211; FDE &#8211; MAG682-FDE"},"content":{"rendered":"<div class=\"product-description\">\n<h2>Magpul MOE SL AK Ro\u010daj za AK47\/AK74 &#8211; FDE (MAG682-FDE)<\/h2>\n<p>Ro\u010daj Magpul MOE SL AK v barvi Flat Dark Earth za AK47\/AK74. Ta ozek ro\u010daj ponuja bolj navpi\u010den kot, optimiziran za oro\u017eje s kraj\u0161o dol\u017eino potega, kar pribli\u017ea primarno roko telesu.<\/p>\n<ul>\n<li>Izdelan iz trpe\u017enega polimera s teksturirano povr\u0161ino<\/li>\n<li>Primeren za rezkane in \u0161tancane sprejemnike, vklju\u010dno s tistimi z oja\u010ditvenimi plo\u0161\u010dami za ro\u010daj<\/li>\n<li>Ima TSP (trapezoidne povr\u0161inske projekcije) teksturo za bolj\u0161i nadzor oro\u017eja<\/li>\n<li>20-stopinjski kot ro\u010daja za izbolj\u0161ano ergonomijo<\/li>\n<li>O\u017eji profil v primerjavi s polnimi ro\u010daji<\/li>\n<li>Dimenzije: 10,9 cm V x 2,8 cm D, te\u017ea samo 73,7 g<\/li>\n<li>Izdelano v ZDA &#8211; \u0161teje kot en ameri\u0161ki skladnostni del za 922r<\/li>\n<\/ul>\n<p>Ro\u010daj Magpul MOE SL AK je zasnovan za optimalno delovanje v vseh okoljih.<\/p>\n<\/div>\n","protected":false},"excerpt":{"rendered":"<p>Magpul MOE SL AK ro\u010daj: Tanek, teksturiran dodatek za AK47\/74 &#8211; pe\u0161\u010deno rjava barva (FDE)<\/p>\n","protected":false},"featured_media":493590,"template":"","meta":{"_acf_changed":false},"product_brand":[],"product_cat":[13499],"product_tag":[],"class_list":{"0":"post-530975","1":"product","2":"type-product","3":"status-publish","4":"has-post-thumbnail","6":"product_cat-nekategorizirano","8":"first","9":"instock","10":"taxable","11":"shipping-taxable","12":"purchasable","13":"product-type-simple"},"acf":[],"_links":{"self":[{"href":"https:\/\/staging.nbg.eu\/sl\/wp-json\/wp\/v2\/product\/530975","targetHints":{"allow":["GET"]}}],"collection":[{"href":"https:\/\/staging.nbg.eu\/sl\/wp-json\/wp\/v2\/product"}],"about":[{"href":"https:\/\/staging.nbg.eu\/sl\/wp-json\/wp\/v2\/types\/product"}],"wp:featuredmedia":[{"embeddable":true,"href":"https:\/\/staging.nbg.eu\/sl\/wp-json\/wp\/v2\/media\/493590"}],"wp:attachment":[{"href":"https:\/\/staging.nbg.eu\/sl\/wp-json\/wp\/v2\/media?parent=530975"}],"wp:term":[{"taxonomy":"product_brand","embeddable":true,"href":"https:\/\/staging.nbg.eu\/sl\/wp-json\/wp\/v2\/product_brand?post=530975"},{"taxonomy":"product_cat","embeddable":true,"href":"https:\/\/staging.nbg.eu\/sl\/wp-json\/wp\/v2\/product_cat?post=530975"},{"taxonomy":"product_tag","embeddable":true,"href":"https:\/\/staging.nbg.eu\/sl\/wp-json\/wp\/v2\/product_tag?post=530975"}],"curies":[{"name":"wp","href":"https:\/\/api.w.org\/{rel}","templated":true}]}}