{"id":53088,"date":"2024-03-08T06:59:20","date_gmt":"2024-09-13T12:46:48","guid":{"rendered":"https:\/\/staging.nbg.eu\/product\/bore-tech-shotgun-blend\/"},"modified":"2024-09-13T12:47:53","modified_gmt":"2024-09-13T12:47:53","slug":"bore-tech-shotgun-mesanica","status":"publish","type":"product","link":"https:\/\/staging.nbg.eu\/sl\/izdelek\/bore-tech-shotgun-mesanica\/","title":{"rendered":"Bore Tech Shotgun me\u0161anica"},"content":{"rendered":"<p>\nBore Tech-ova me\u0161anica za pu\u0161ke je mo\u010dno \u010distilo za cevi brez amonijaka. Ta biorazgradljiva formula u\u010dinkovito odstranjuje ostanke svinca, smodnika in plasti\u010dnih \u010depov iz cevi, sto\u017ecev in \u010dokov. Je varno, brez vonja in enostavno za uporabo. \u010cistilo zagotavlja vidne rezultate na krpicah za \u010di\u0161\u010denje.<\/p>\n","protected":false},"excerpt":{"rendered":"<p>Mo\u010dno \u010distilo za pu\u0161kine cevi varno odstranjuje ostanke svinca, ogljika in plastike.<\/p>\n","protected":false},"featured_media":53089,"template":"","meta":{"_acf_changed":false},"product_brand":[11159],"product_cat":[13464,13478],"product_tag":[],"class_list":{"0":"post-53088","1":"product","2":"type-product","3":"status-publish","4":"has-post-thumbnail","6":"product_brand-boretech","7":"product_cat-ciscenje-orozja","8":"product_cat-cistila","10":"first","11":"instock","12":"taxable","13":"shipping-taxable","14":"purchasable","15":"product-type-variable","16":"wvs-archive-product-wrapper"},"acf":[],"_links":{"self":[{"href":"https:\/\/staging.nbg.eu\/sl\/wp-json\/wp\/v2\/product\/53088","targetHints":{"allow":["GET"]}}],"collection":[{"href":"https:\/\/staging.nbg.eu\/sl\/wp-json\/wp\/v2\/product"}],"about":[{"href":"https:\/\/staging.nbg.eu\/sl\/wp-json\/wp\/v2\/types\/product"}],"wp:featuredmedia":[{"embeddable":true,"href":"https:\/\/staging.nbg.eu\/sl\/wp-json\/wp\/v2\/media\/53089"}],"wp:attachment":[{"href":"https:\/\/staging.nbg.eu\/sl\/wp-json\/wp\/v2\/media?parent=53088"}],"wp:term":[{"taxonomy":"product_brand","embeddable":true,"href":"https:\/\/staging.nbg.eu\/sl\/wp-json\/wp\/v2\/product_brand?post=53088"},{"taxonomy":"product_cat","embeddable":true,"href":"https:\/\/staging.nbg.eu\/sl\/wp-json\/wp\/v2\/product_cat?post=53088"},{"taxonomy":"product_tag","embeddable":true,"href":"https:\/\/staging.nbg.eu\/sl\/wp-json\/wp\/v2\/product_tag?post=53088"}],"curies":[{"name":"wp","href":"https:\/\/api.w.org\/{rel}","templated":true}]}}