{"id":530781,"date":"2025-09-04T17:31:53","date_gmt":"2025-09-04T14:31:53","guid":{"rendered":"https:\/\/staging.nbg.eu\/product\/pistoletna-drzhka-magpul-moe-k2-za-ak-fde-mag683-fde\/"},"modified":"2025-09-26T16:05:48","modified_gmt":"2025-09-26T13:05:48","slug":"pistoletna-drzka-magpul-moe-k2-za-ak-fde-mag683-fde","status":"publish","type":"product","link":"https:\/\/staging.nbg.eu\/sl\/izdelek\/pistoletna-drzka-magpul-moe-k2-za-ak-fde-mag683-fde\/","title":{"rendered":"Pistoletna drzka Magpul MOE-K2 za AK FDE MAG683-FDE"},"content":{"rendered":"<div class=\"product-description\">\n<h2>Magpul MOE-K2 AK Ro\u010daj &#8211; FDE (MAG683-FDE)<\/h2>\n<p>Magpul MOE-K2 AK ro\u010daj v barvi Flat Dark Earth za pu\u0161ke AK47\/AK74 platform ponuja:<\/p>\n<ul>\n<li>Izbolj\u0161ana ergonomija in nadzor<\/li>\n<li>Trpe\u017ena polimerna konstrukcija s teksturo<\/li>\n<li>Nedrse\u010da povr\u0161ina ro\u010daja<\/li>\n<li>Bolj strm kot ro\u010daja za sodobne strelske polo\u017eaje<\/li>\n<li>Zmanj\u0161ana utrujenost zapestja pri dalj\u0161i uporabi<\/li>\n<\/ul>\n<p>Ta FDE ro\u010daj je zasnoval Magpul in se ujema z razli\u010dnimi zaklju\u010dki AK.<\/p>\n<p><strong>\u0160tevilka dela proizvajalca:<\/strong> MAG683-FDE<\/p>\n<p><strong>UPC:<\/strong> 840815117117<\/p>\n<\/div>\n","protected":false},"excerpt":{"rendered":"<p>Magpul MOE-K2 AK ro\u010daj: Ergonomski, nedrse\u010d, strmej\u0161i kot za udobje.<\/p>\n","protected":false},"featured_media":0,"template":"","meta":{"_acf_changed":false},"product_brand":[],"product_cat":[],"product_tag":[],"class_list":{"0":"post-530781","1":"product","2":"type-product","3":"status-publish","6":"first","7":"instock","8":"taxable","9":"shipping-taxable","10":"purchasable","11":"product-type-simple"},"acf":[],"_links":{"self":[{"href":"https:\/\/staging.nbg.eu\/sl\/wp-json\/wp\/v2\/product\/530781","targetHints":{"allow":["GET"]}}],"collection":[{"href":"https:\/\/staging.nbg.eu\/sl\/wp-json\/wp\/v2\/product"}],"about":[{"href":"https:\/\/staging.nbg.eu\/sl\/wp-json\/wp\/v2\/types\/product"}],"wp:attachment":[{"href":"https:\/\/staging.nbg.eu\/sl\/wp-json\/wp\/v2\/media?parent=530781"}],"wp:term":[{"taxonomy":"product_brand","embeddable":true,"href":"https:\/\/staging.nbg.eu\/sl\/wp-json\/wp\/v2\/product_brand?post=530781"},{"taxonomy":"product_cat","embeddable":true,"href":"https:\/\/staging.nbg.eu\/sl\/wp-json\/wp\/v2\/product_cat?post=530781"},{"taxonomy":"product_tag","embeddable":true,"href":"https:\/\/staging.nbg.eu\/sl\/wp-json\/wp\/v2\/product_tag?post=530781"}],"curies":[{"name":"wp","href":"https:\/\/api.w.org\/{rel}","templated":true}]}}