{"id":530127,"date":"2025-09-04T17:31:43","date_gmt":"2025-09-04T14:31:43","guid":{"rendered":"https:\/\/staging.nbg.eu\/product\/magpul-moe-m-lok-hand-guard-for-ar15-m4-mid-length-black\/"},"modified":"2025-09-26T15:15:59","modified_gmt":"2025-09-26T12:15:59","slug":"magpul-moe-m-lok-prednji-okvir-za-ar15m4-srednja-dolzina-crni","status":"publish","type":"product","link":"https:\/\/staging.nbg.eu\/sl\/izdelek\/magpul-moe-m-lok-prednji-okvir-za-ar15m4-srednja-dolzina-crni\/","title":{"rendered":"Magpul &#8211; MOE M-LOK prednji okvir za AR15\/M4 &#8211; srednja dol\u017eina &#8211; \u010drni"},"content":{"rendered":"<div class=\"product-description\">\n<h2>Magpul MOE\u00ae M-LOK\u00ae Ro\u010daj za AR15\/M4 &#8211; Srednja dol\u017eina &#8211; \u010crn<\/h2>\n<p>Ro\u010daj Magpul MOE M-LOK za AR-15\/M4, zasnovan za plinske sisteme srednje dol\u017eine. Ta dodatek zdru\u017euje konstrukcijo iz lahkega polimera z modularno prilagodljivostjo.<\/p>\n<ul>\n<li>M-LOK re\u017ee na polo\u017eajih 2, 6 in 10 ure za namestitev dodatkov<\/li>\n<li>Oja\u010dana, na toploto odporna polimerna konstrukcija<\/li>\n<li>Zdru\u017eljiv z neposrednim vplivom in ve\u010dino plinskih sistemov s batom<\/li>\n<li>Enostavna namestitev z obstoje\u010dim delta obro\u010dem in zadr\u017eevalnim pokrovom ro\u010daja<\/li>\n<li>Vgrajen zakovi\u010den aluminijast toplotni \u0161\u010dit<\/li>\n<li>Sprednji podalj\u0161ki in spodnja ustnica za za\u0161\u010dito uporabnika<\/li>\n<\/ul>\n<p>Ro\u010daj tehta 246,6 g in meri 23,4 cm v dol\u017eino. Izdelan v ZDA, je primeren za uporabnike, ki i\u0161\u010dejo prilagodljivo re\u0161itev za svojo AR-15\/M4 platformo.<\/p>\n<\/div>\n","protected":false},"excerpt":{"rendered":"<p>Lahek, modularen AR-15\/M4 srednje dolg ro\u010daj z M-LOK re\u017eami.<\/p>\n","protected":false},"featured_media":493098,"template":"","meta":{"_acf_changed":false},"product_brand":[11542],"product_cat":[13432,13483,13431],"product_tag":[],"class_list":{"0":"post-530127","1":"product","2":"type-product","3":"status-publish","4":"has-post-thumbnail","6":"product_brand-magpul","7":"product_cat-nastavitve-puske","8":"product_cat-puska","9":"product_cat-tirnice","11":"first","12":"instock","13":"taxable","14":"shipping-taxable","15":"purchasable","16":"product-type-simple"},"acf":[],"_links":{"self":[{"href":"https:\/\/staging.nbg.eu\/sl\/wp-json\/wp\/v2\/product\/530127","targetHints":{"allow":["GET"]}}],"collection":[{"href":"https:\/\/staging.nbg.eu\/sl\/wp-json\/wp\/v2\/product"}],"about":[{"href":"https:\/\/staging.nbg.eu\/sl\/wp-json\/wp\/v2\/types\/product"}],"wp:featuredmedia":[{"embeddable":true,"href":"https:\/\/staging.nbg.eu\/sl\/wp-json\/wp\/v2\/media\/493098"}],"wp:attachment":[{"href":"https:\/\/staging.nbg.eu\/sl\/wp-json\/wp\/v2\/media?parent=530127"}],"wp:term":[{"taxonomy":"product_brand","embeddable":true,"href":"https:\/\/staging.nbg.eu\/sl\/wp-json\/wp\/v2\/product_brand?post=530127"},{"taxonomy":"product_cat","embeddable":true,"href":"https:\/\/staging.nbg.eu\/sl\/wp-json\/wp\/v2\/product_cat?post=530127"},{"taxonomy":"product_tag","embeddable":true,"href":"https:\/\/staging.nbg.eu\/sl\/wp-json\/wp\/v2\/product_tag?post=530127"}],"curies":[{"name":"wp","href":"https:\/\/api.w.org\/{rel}","templated":true}]}}