{"id":529980,"date":"2025-09-02T20:30:44","date_gmt":"2025-09-02T17:30:44","guid":{"rendered":"https:\/\/staging.nbg.eu\/product\/predna-drzhka-magpul-zhukov-za-ak-47-ak-74-lilava-mag586-plm\/"},"modified":"2025-09-26T15:05:30","modified_gmt":"2025-09-26T12:05:30","slug":"prednja-drzka-magpul-zhukov-za-ak-47ak-74-vijolicna-mag586-plm","status":"publish","type":"product","link":"https:\/\/staging.nbg.eu\/sl\/izdelek\/prednja-drzka-magpul-zhukov-za-ak-47ak-74-vijolicna-mag586-plm\/","title":{"rendered":"Prednja drzka Magpul ZHUKOV za AK-47\/AK-74 vijolicna MAG586 PLM"},"content":{"rendered":"<div class=\"product-description\">\n<h2>Magpul ZHUKOV Ro\u010daj za AK-47\/AK-74 &#8211; Vijoli\u010dna barva (MAG586-PLM)<\/h2>\n<p>Nadgradite va\u0161 AK-47 ali AK-74 z Magpul ZHUKOV ro\u010dajem v vijoli\u010dni barvi. Ta podalj\u0161ani ro\u010daj nudi veliko povr\u0161ino za oprijem za sodobne tehnike streljanja in dodatne mo\u017enosti monta\u017ee dodatkov.<\/p>\n<ul>\n<li>Zdru\u017eljiv z ve\u010dino AK-47\/AKM\/AK-74 pu\u0161k (premer cevi 16,75-18,25mm, dol\u017eina &gt;13&#8243;)<\/li>\n<li>Celotno dol\u017einsko, trdo anodizirano aluminijasto ohi\u0161je za monta\u017eo brez upogibanja in toplotno za\u0161\u010dito<\/li>\n<li>Trpe\u017ena polimerna zunanja prevleka z re\u017eami za M-LOK dodatke<\/li>\n<li>Vklju\u010duje nadomestni polimerni zgornji pokrov<\/li>\n<li>Zdru\u017eljiv z UltiMAK namestitvijo za optiko<\/li>\n<li>Dol\u017eina: 11,7 palcev<\/li>\n<\/ul>\n<p>Ta vsestranski ro\u010daj je primeren za lovce in strelce.<\/p>\n<\/div>\n","protected":false},"excerpt":{"rendered":"<p>Podalj\u0161ano Magpul ZHUKOV kopito za AK-47\/AK-74, barve slive, zdru\u017eljivo z M-LOK sistemom.<\/p>\n","protected":false},"featured_media":0,"template":"","meta":{"_acf_changed":false},"product_brand":[],"product_cat":[],"product_tag":[],"class_list":{"0":"post-529980","1":"product","2":"type-product","3":"status-publish","6":"first","7":"instock","8":"taxable","9":"shipping-taxable","10":"purchasable","11":"product-type-simple"},"acf":[],"_links":{"self":[{"href":"https:\/\/staging.nbg.eu\/sl\/wp-json\/wp\/v2\/product\/529980","targetHints":{"allow":["GET"]}}],"collection":[{"href":"https:\/\/staging.nbg.eu\/sl\/wp-json\/wp\/v2\/product"}],"about":[{"href":"https:\/\/staging.nbg.eu\/sl\/wp-json\/wp\/v2\/types\/product"}],"wp:attachment":[{"href":"https:\/\/staging.nbg.eu\/sl\/wp-json\/wp\/v2\/media?parent=529980"}],"wp:term":[{"taxonomy":"product_brand","embeddable":true,"href":"https:\/\/staging.nbg.eu\/sl\/wp-json\/wp\/v2\/product_brand?post=529980"},{"taxonomy":"product_cat","embeddable":true,"href":"https:\/\/staging.nbg.eu\/sl\/wp-json\/wp\/v2\/product_cat?post=529980"},{"taxonomy":"product_tag","embeddable":true,"href":"https:\/\/staging.nbg.eu\/sl\/wp-json\/wp\/v2\/product_tag?post=529980"}],"curies":[{"name":"wp","href":"https:\/\/api.w.org\/{rel}","templated":true}]}}