{"id":529673,"date":"2025-09-02T20:24:18","date_gmt":"2025-09-02T17:24:18","guid":{"rendered":"https:\/\/staging.nbg.eu\/product\/magpul-zhukov-hand-guard-for-ak-47-mag586\/"},"modified":"2025-09-26T12:57:26","modified_gmt":"2025-09-26T09:57:26","slug":"magpul-zhukov-prednji-okvir-za-ak-47-mag586","status":"publish","type":"product","link":"https:\/\/staging.nbg.eu\/sl\/izdelek\/magpul-zhukov-prednji-okvir-za-ak-47-mag586\/","title":{"rendered":"Magpul &#8211; ZHUKOV prednji okvir za AK-47 MAG586"},"content":{"rendered":"<h2>Magpul ZHUKOV Kopito za AK-47 MAG586<\/h2>\n<p>Magpul ZHUKOV kopito (MAG586) za AK-47 je zasnovano za izbolj\u0161ano ergonomijo in modularnost. To kopito ponuja:<\/p>\n<ul>\n<li>Konstrukcija iz trpe\u017enega polimera za nizko te\u017eo<\/li>\n<li>Podalj\u0161ana dol\u017eina za bolj\u0161i nadzor in odvajanje toplote<\/li>\n<li>M-LOK zdru\u017eljive re\u017ee za pritrditev dodatkov<\/li>\n<li>Ergonomska zasnova za dalj\u0161e streljanje<\/li>\n<li>Enostavna namestitev brez trajnih sprememb<\/li>\n<li>Zdru\u017eljivost s pu\u0161kami tipa AKM\/AK-47<\/li>\n<\/ul>\n<p>ZHUKOV kopito spremeni va\u0161 AK-47 v sodobno, prilagodljivo platformo. Njegova zasnova in funkcije so nadgradnja za uporabnike AK, ki \u017eelijo izbolj\u0161ati zmogljivost in mo\u017enosti prilagajanja.<\/p>\n<p><strong>Opomba:<\/strong> Za namestitev je potrebno odstraniti zadr\u017eevalec kopita.<\/p>\n","protected":false},"excerpt":{"rendered":"<p>Vzdr\u017eljiv ro\u010daj za AK-47. Izbolj\u0161a oprijem in odvajanje toplote. Zdru\u017eljiv z M-LOK sistemom.<\/p>\n","protected":false},"featured_media":491573,"template":"","meta":{"_acf_changed":false},"product_brand":[11542],"product_cat":[13432,13483,13431],"product_tag":[],"class_list":{"0":"post-529673","1":"product","2":"type-product","3":"status-publish","4":"has-post-thumbnail","6":"product_brand-magpul","7":"product_cat-nastavitve-puske","8":"product_cat-puska","9":"product_cat-tirnice","11":"first","12":"instock","13":"taxable","14":"shipping-taxable","15":"purchasable","16":"product-type-variable","17":"wvs-archive-product-wrapper"},"acf":[],"_links":{"self":[{"href":"https:\/\/staging.nbg.eu\/sl\/wp-json\/wp\/v2\/product\/529673","targetHints":{"allow":["GET"]}}],"collection":[{"href":"https:\/\/staging.nbg.eu\/sl\/wp-json\/wp\/v2\/product"}],"about":[{"href":"https:\/\/staging.nbg.eu\/sl\/wp-json\/wp\/v2\/types\/product"}],"wp:featuredmedia":[{"embeddable":true,"href":"https:\/\/staging.nbg.eu\/sl\/wp-json\/wp\/v2\/media\/491573"}],"wp:attachment":[{"href":"https:\/\/staging.nbg.eu\/sl\/wp-json\/wp\/v2\/media?parent=529673"}],"wp:term":[{"taxonomy":"product_brand","embeddable":true,"href":"https:\/\/staging.nbg.eu\/sl\/wp-json\/wp\/v2\/product_brand?post=529673"},{"taxonomy":"product_cat","embeddable":true,"href":"https:\/\/staging.nbg.eu\/sl\/wp-json\/wp\/v2\/product_cat?post=529673"},{"taxonomy":"product_tag","embeddable":true,"href":"https:\/\/staging.nbg.eu\/sl\/wp-json\/wp\/v2\/product_tag?post=529673"}],"curies":[{"name":"wp","href":"https:\/\/api.w.org\/{rel}","templated":true}]}}