{"id":52965,"date":"2024-03-08T09:51:57","date_gmt":"2024-03-08T09:51:57","guid":{"rendered":"https:\/\/staging.nbg.eu\/product\/bronze-spiral-shotgun-brush\/"},"modified":"2024-09-13T12:45:30","modified_gmt":"2024-09-13T12:45:30","slug":"bronasta-spiralna-krtaca-za-lovsko-pusko","status":"publish","type":"product","link":"https:\/\/staging.nbg.eu\/sl\/izdelek\/bronasta-spiralna-krtaca-za-lovsko-pusko\/","title":{"rendered":"Bronasta spiralna krta\u010da za lovsko pu\u0161ko"},"content":{"rendered":"<p>Bronasta spiralna \u0161\u010detka za pu\u0161ko podjetja Bore Tech ima spiralne \u0161\u010detine za u\u010dinkovito \u010di\u0161\u010denje brez po\u0161kodb oro\u017eja. Izdelana je iz fosforjevega brona, varnega za cev, in u\u010dinkovito odstranjuje plasti\u010dne ostanke ter traja dlje kot standardne \u017ei\u010dnate \u0161\u010detke. Na voljo za kalibre od 10 do .410, primerna za standardne palice z navojem 5\/16-27.<\/p>\n","protected":false},"excerpt":{"rendered":"<p>Inovativna spiralna krta\u010da za temeljito in varno \u010di\u0161\u010denje cevi pu\u0161ke \u0161ibrenice.<\/p>\n","protected":false},"featured_media":52966,"template":"","meta":{"_acf_changed":false},"product_brand":[11159],"product_cat":[13464,13491],"product_tag":[],"class_list":{"0":"post-52965","1":"product","2":"type-product","3":"status-publish","4":"has-post-thumbnail","6":"product_brand-boretech","7":"product_cat-ciscenje-orozja","8":"product_cat-krtace","10":"first","11":"outofstock","12":"taxable","13":"shipping-taxable","14":"purchasable","15":"product-type-simple"},"acf":[],"_links":{"self":[{"href":"https:\/\/staging.nbg.eu\/sl\/wp-json\/wp\/v2\/product\/52965","targetHints":{"allow":["GET"]}}],"collection":[{"href":"https:\/\/staging.nbg.eu\/sl\/wp-json\/wp\/v2\/product"}],"about":[{"href":"https:\/\/staging.nbg.eu\/sl\/wp-json\/wp\/v2\/types\/product"}],"wp:featuredmedia":[{"embeddable":true,"href":"https:\/\/staging.nbg.eu\/sl\/wp-json\/wp\/v2\/media\/52966"}],"wp:attachment":[{"href":"https:\/\/staging.nbg.eu\/sl\/wp-json\/wp\/v2\/media?parent=52965"}],"wp:term":[{"taxonomy":"product_brand","embeddable":true,"href":"https:\/\/staging.nbg.eu\/sl\/wp-json\/wp\/v2\/product_brand?post=52965"},{"taxonomy":"product_cat","embeddable":true,"href":"https:\/\/staging.nbg.eu\/sl\/wp-json\/wp\/v2\/product_cat?post=52965"},{"taxonomy":"product_tag","embeddable":true,"href":"https:\/\/staging.nbg.eu\/sl\/wp-json\/wp\/v2\/product_tag?post=52965"}],"curies":[{"name":"wp","href":"https:\/\/api.w.org\/{rel}","templated":true}]}}