{"id":529486,"date":"2025-09-02T20:23:55","date_gmt":"2025-09-02T17:23:55","guid":{"rendered":"https:\/\/staging.nbg.eu\/product\/magpul-zhukov-s-stock-for-ak-47-ak-74-mag585\/"},"modified":"2025-09-26T12:42:35","modified_gmt":"2025-09-26T09:42:35","slug":"magpul-zhukov-s-kopito-za-ak-47-ak-74-mag585","status":"publish","type":"product","link":"https:\/\/staging.nbg.eu\/sl\/izdelek\/magpul-zhukov-s-kopito-za-ak-47-ak-74-mag585\/","title":{"rendered":"Magpul &#8211; ZHUKOV-S kopito za AK-47 \/ AK-74 &#8211; MAG585"},"content":{"rendered":"<div class=\"product-description\">\n<h2>Magpul ZHUKOV-S\u00ae Kopito za AK-47 \/ AK-74 &#8211; MAG585<\/h2>\n<p>Magpul ZHUKOV-S\u00ae Zlo\u017eljivo kopito za AK47\/AKM\/AK74 karabinke. Ta zasnova ponuja:<\/p>\n<ul>\n<li>5-polo\u017eajno nastavitev za prilagoditev dol\u017eine roke<\/li>\n<li>Mehanizem za zlaganje na desno stran, zdru\u017eljiv z optiko na lastovi\u010djem repu<\/li>\n<li>Mo\u017enost streljanja in ponovnega polnjenja z zlo\u017eenim kopitom<\/li>\n<li>Nizek profil<\/li>\n<li>Gumijasta podloga, ki absorbira odsun<\/li>\n<li>1,25-pal\u010dna luknja za jermen in zdru\u017eljivost s QD priklju\u010dkom<\/li>\n<\/ul>\n<p>Te\u017ea 425 g in dol\u017eina 223,5-289,5 mm, izdelano v ZDA. Ni zdru\u017eljivo z jugoslovanskimi AK, Norinco Type 56S\/MAK-90 ali rezkani sprejemniki.<\/p>\n<\/div>\n","protected":false},"excerpt":{"rendered":"<p>Magpul ZHUKOV-S: Zlo\u017eljiva, nastavljiva kopita za AK s priklju\u010dki za hitro odstranitev.<\/p>\n","protected":false},"featured_media":491500,"template":"","meta":{"_acf_changed":false},"product_brand":[11542],"product_cat":[13417,13443,13432,13483],"product_tag":[],"class_list":{"0":"post-529486","1":"product","2":"type-product","3":"status-publish","4":"has-post-thumbnail","6":"product_brand-magpul","7":"product_cat-ak-nastavitve","8":"product_cat-kopita-puske","9":"product_cat-nastavitve-puske","10":"product_cat-puska","12":"first","13":"instock","14":"taxable","15":"shipping-taxable","16":"purchasable","17":"product-type-variable","18":"wvs-archive-product-wrapper"},"acf":[],"_links":{"self":[{"href":"https:\/\/staging.nbg.eu\/sl\/wp-json\/wp\/v2\/product\/529486","targetHints":{"allow":["GET"]}}],"collection":[{"href":"https:\/\/staging.nbg.eu\/sl\/wp-json\/wp\/v2\/product"}],"about":[{"href":"https:\/\/staging.nbg.eu\/sl\/wp-json\/wp\/v2\/types\/product"}],"wp:featuredmedia":[{"embeddable":true,"href":"https:\/\/staging.nbg.eu\/sl\/wp-json\/wp\/v2\/media\/491500"}],"wp:attachment":[{"href":"https:\/\/staging.nbg.eu\/sl\/wp-json\/wp\/v2\/media?parent=529486"}],"wp:term":[{"taxonomy":"product_brand","embeddable":true,"href":"https:\/\/staging.nbg.eu\/sl\/wp-json\/wp\/v2\/product_brand?post=529486"},{"taxonomy":"product_cat","embeddable":true,"href":"https:\/\/staging.nbg.eu\/sl\/wp-json\/wp\/v2\/product_cat?post=529486"},{"taxonomy":"product_tag","embeddable":true,"href":"https:\/\/staging.nbg.eu\/sl\/wp-json\/wp\/v2\/product_tag?post=529486"}],"curies":[{"name":"wp","href":"https:\/\/api.w.org\/{rel}","templated":true}]}}