{"id":527854,"date":"2025-09-02T20:21:10","date_gmt":"2025-09-02T17:21:10","guid":{"rendered":"https:\/\/staging.nbg.eu\/product\/strike-industries-g5-magwell-for-glock-17-22-31-34-35-45-gen5-si-g5-magwell-17\/"},"modified":"2025-09-25T22:35:01","modified_gmt":"2025-09-25T19:35:01","slug":"strike-industries-g5-livce-za-nabojnik-za-glock-172231343545-gen5-si-g5-magwell-17","status":"publish","type":"product","link":"https:\/\/staging.nbg.eu\/sl\/izdelek\/strike-industries-g5-livce-za-nabojnik-za-glock-172231343545-gen5-si-g5-magwell-17\/","title":{"rendered":"Strike Industries &#8211; G5 livce za nabojnik za Glock 17\/22\/31\/34\/35\/45 Gen5 &#8211; SI-G5-MAGWELL-17"},"content":{"rendered":"<div class=\"product-description\">\n<h2>Strike Industries G5 MagWell za Glock 17\/22\/31\/34\/35\/45 Gen5<\/h2>\n<p>Strike Industries G5 MagWell za Glock Gen5. Zasnovan za la\u017eje menjavanje nabojnika, ta dodatek ne spreminja vitkega oprijema pi\u0161tole.<\/p>\n<ul>\n<li>Zdru\u017eljiv z modeli Glock G17\/G22\/G31\/G34\/G35\/G45 Gen5<\/li>\n<li>Raz\u0161irjena oblika za la\u017eje vstavljanje nabojnika<\/li>\n<li>Lahka (11,3 g) in trpe\u017ena konstrukcija iz visoko odpornega polimera<\/li>\n<li>Enostavna namestitev s prilo\u017eenim M4 nastavitvenim vijakom in 2,5 mm inbus klju\u010dem<\/li>\n<li>Dimenzije: 61,72 mm (D) x 37,34 mm (\u0160) x 23,11 mm (V)<\/li>\n<\/ul>\n<p>Izbolj\u0161a hitrost in doslednost menjave nabojnika. Deluje z ve\u010dino podstavkov in podalj\u0161kov nabojnikov drugih proizvajalcev. Zdru\u017eljiv s Strike EMP.<\/p>\n<p><strong>Opomba:<\/strong> Ne pretiravajte z zategovanjem nastavitvenega vijaka med namestitvijo, da se izognete nepravilni poravnavi ali po\u0161kodbam.<\/p>\n<\/div>\n","protected":false},"excerpt":{"rendered":"<p>Izbolj\u0161ajte menjavo nabojnikov za Glock Gen5 z elegantnim vodilom za nabojnike podjetja Strike Industries.<\/p>\n","protected":false},"featured_media":490785,"template":"","meta":{"_acf_changed":false},"product_brand":[11415,11542],"product_cat":[13484,13440],"product_tag":[],"class_list":{"0":"post-527854","1":"product","2":"type-product","3":"status-publish","4":"has-post-thumbnail","6":"product_brand-glock","7":"product_brand-magpul","8":"product_cat-deli-za-pistole","9":"product_cat-pistola","11":"first","12":"instock","13":"taxable","14":"shipping-taxable","15":"purchasable","16":"product-type-simple"},"acf":[],"_links":{"self":[{"href":"https:\/\/staging.nbg.eu\/sl\/wp-json\/wp\/v2\/product\/527854","targetHints":{"allow":["GET"]}}],"collection":[{"href":"https:\/\/staging.nbg.eu\/sl\/wp-json\/wp\/v2\/product"}],"about":[{"href":"https:\/\/staging.nbg.eu\/sl\/wp-json\/wp\/v2\/types\/product"}],"wp:featuredmedia":[{"embeddable":true,"href":"https:\/\/staging.nbg.eu\/sl\/wp-json\/wp\/v2\/media\/490785"}],"wp:attachment":[{"href":"https:\/\/staging.nbg.eu\/sl\/wp-json\/wp\/v2\/media?parent=527854"}],"wp:term":[{"taxonomy":"product_brand","embeddable":true,"href":"https:\/\/staging.nbg.eu\/sl\/wp-json\/wp\/v2\/product_brand?post=527854"},{"taxonomy":"product_cat","embeddable":true,"href":"https:\/\/staging.nbg.eu\/sl\/wp-json\/wp\/v2\/product_cat?post=527854"},{"taxonomy":"product_tag","embeddable":true,"href":"https:\/\/staging.nbg.eu\/sl\/wp-json\/wp\/v2\/product_tag?post=527854"}],"curies":[{"name":"wp","href":"https:\/\/api.w.org\/{rel}","templated":true}]}}