{"id":527745,"date":"2025-09-02T20:21:13","date_gmt":"2025-09-02T17:21:13","guid":{"rendered":"https:\/\/staging.nbg.eu\/product\/strike-industries-g4-magwell-for-glock-17-22-31-34-35-gen4-si-g4-magwell\/"},"modified":"2025-09-25T22:29:56","modified_gmt":"2025-09-25T19:29:56","slug":"strike-industries-g4-livce-za-nabojnik-za-glock-1722313435-gen4-si-g4-magwell","status":"publish","type":"product","link":"https:\/\/staging.nbg.eu\/sl\/izdelek\/strike-industries-g4-livce-za-nabojnik-za-glock-1722313435-gen4-si-g4-magwell\/","title":{"rendered":"Strike Industries &#8211; G4 livce za nabojnik za Glock 17\/22\/31\/34\/35 Gen4 &#8211; SI-G4-MAGWELL"},"content":{"rendered":"<div class=\"product-description\">\n<h2>Strike Industries G4 MagWell za Glock 17\/22\/31\/34\/35 Gen4<\/h2>\n<p>Strike Industries GEN4 Magwell za Glock. Zasnovan za la\u017eje polnjenje nabojnika ob ohranjanju tankega ro\u010daja pi\u0161tole. Zdru\u017eljiv z ve\u010dino nadomestnih podstavkov in podalj\u0161kov za nabojnike.<\/p>\n<ul>\n<li>Raz\u0161irjeno ustje za la\u017eje vstavljanje nabojnika<\/li>\n<li>Enostavna namestitev z edinstvenim mehanizmom zaklepanja<\/li>\n<li>Lahka konstrukcija iz visoko trdnega polimera<\/li>\n<li>Zdru\u017eljiv z modeli Glock 17\/22\/31\/34\/35 GEN4<\/li>\n<li>Zasnovan za tovarni\u0161ki +0 hrbtni del Glocka<\/li>\n<\/ul>\n<p><strong>Opomba:<\/strong> Med namestitvijo ne pretiravajte z zategovanjem nastavitvenega vijaka, da se izognete napa\u010dni poravnavi ali po\u0161kodbam.<\/p>\n<p>Paket vklju\u010duje: G4 Magwell, nastavitveni vijak, M2 \u0161estrobi klju\u010d in opozorilno kartico.<\/p>\n<\/div>\n","protected":false},"excerpt":{"rendered":"<p>Izbolj\u0161ajte menjavo nabojnikov za Glock 17\/22\/31\/34\/35 Gen4 s SI-jevim G4 MagWell.<\/p>\n","protected":false},"featured_media":491016,"template":"","meta":{"_acf_changed":false},"product_brand":[11415,11542],"product_cat":[13484,13440],"product_tag":[],"class_list":{"0":"post-527745","1":"product","2":"type-product","3":"status-publish","4":"has-post-thumbnail","6":"product_brand-glock","7":"product_brand-magpul","8":"product_cat-deli-za-pistole","9":"product_cat-pistola","11":"first","12":"instock","13":"taxable","14":"shipping-taxable","15":"purchasable","16":"product-type-simple"},"acf":[],"_links":{"self":[{"href":"https:\/\/staging.nbg.eu\/sl\/wp-json\/wp\/v2\/product\/527745","targetHints":{"allow":["GET"]}}],"collection":[{"href":"https:\/\/staging.nbg.eu\/sl\/wp-json\/wp\/v2\/product"}],"about":[{"href":"https:\/\/staging.nbg.eu\/sl\/wp-json\/wp\/v2\/types\/product"}],"wp:featuredmedia":[{"embeddable":true,"href":"https:\/\/staging.nbg.eu\/sl\/wp-json\/wp\/v2\/media\/491016"}],"wp:attachment":[{"href":"https:\/\/staging.nbg.eu\/sl\/wp-json\/wp\/v2\/media?parent=527745"}],"wp:term":[{"taxonomy":"product_brand","embeddable":true,"href":"https:\/\/staging.nbg.eu\/sl\/wp-json\/wp\/v2\/product_brand?post=527745"},{"taxonomy":"product_cat","embeddable":true,"href":"https:\/\/staging.nbg.eu\/sl\/wp-json\/wp\/v2\/product_cat?post=527745"},{"taxonomy":"product_tag","embeddable":true,"href":"https:\/\/staging.nbg.eu\/sl\/wp-json\/wp\/v2\/product_tag?post=527745"}],"curies":[{"name":"wp","href":"https:\/\/api.w.org\/{rel}","templated":true}]}}