{"id":527638,"date":"2025-09-02T20:20:53","date_gmt":"2025-09-02T17:20:53","guid":{"rendered":"https:\/\/staging.nbg.eu\/product\/strike-industries-ak-rear-sight-rail-black-si-akrr\/"},"modified":"2025-09-25T22:27:41","modified_gmt":"2025-09-25T19:27:41","slug":"strike-industries-ak-zadnja-merska-letev-crna-si-akrr","status":"publish","type":"product","link":"https:\/\/staging.nbg.eu\/sl\/izdelek\/strike-industries-ak-zadnja-merska-letev-crna-si-akrr\/","title":{"rendered":"Strike Industries &#8211; AK zadnja merska letev &#8211; \u010drna &#8211; SI-AKRR"},"content":{"rendered":"<div class=\"product-description\">\n<h2>Strike Industries &#8211; AK zadnja merilna tirnica &#8211; \u010drna &#8211; SI-AKRR<\/h2>\n<p>Nadgradite va\u0161o AK dru\u017eino karabin s Strike Industries zadnjo merilno tirnico. Ta dodatek ponuja:<\/p>\n<ul>\n<li>Picatinny-zdru\u017eljivo pritrditev za nizkoprofilne optike<\/li>\n<li>Trpe\u017eno konstrukcijo iz 6061 letalskega aluminija<\/li>\n<li>Dvojno funkcionalnost kot standardni pu\u0161kini merek<\/li>\n<li>Mo\u017enosti vertikalnega in horizontalnega prilagajanja<\/li>\n<li>Lahka zasnova s te\u017eo samo 38g<\/li>\n<\/ul>\n<p>Z dol\u017eino 99,7 mm in \u0161irino 21 mm ta \u010drna tirnica nadomesti zadnji merek va\u0161ega AK. Ima stranske vdolbine za prilagojeno barvanje in ohranja ustrezen prostor za uporabo \u017eeleznih merkov, ko ne name\u0161\u010date optike.<\/p>\n<p>Ta dodatek izbolj\u0161a vsestranskost in natan\u010dnost va\u0161ega AK.<\/p>\n<\/div>\n","protected":false},"excerpt":{"rendered":"<p>Zadnji merek za optiko za AK pu\u0161ke. Trpe\u017een aluminij, zdru\u017eljiv s Picatinny sistemom.<\/p>\n","protected":false},"featured_media":490601,"template":"","meta":{"_acf_changed":false},"product_brand":[],"product_cat":[13417],"product_tag":[],"class_list":{"0":"post-527638","1":"product","2":"type-product","3":"status-publish","4":"has-post-thumbnail","6":"product_cat-ak-nastavitve","8":"first","9":"instock","10":"taxable","11":"shipping-taxable","12":"purchasable","13":"product-type-simple"},"acf":[],"_links":{"self":[{"href":"https:\/\/staging.nbg.eu\/sl\/wp-json\/wp\/v2\/product\/527638","targetHints":{"allow":["GET"]}}],"collection":[{"href":"https:\/\/staging.nbg.eu\/sl\/wp-json\/wp\/v2\/product"}],"about":[{"href":"https:\/\/staging.nbg.eu\/sl\/wp-json\/wp\/v2\/types\/product"}],"wp:featuredmedia":[{"embeddable":true,"href":"https:\/\/staging.nbg.eu\/sl\/wp-json\/wp\/v2\/media\/490601"}],"wp:attachment":[{"href":"https:\/\/staging.nbg.eu\/sl\/wp-json\/wp\/v2\/media?parent=527638"}],"wp:term":[{"taxonomy":"product_brand","embeddable":true,"href":"https:\/\/staging.nbg.eu\/sl\/wp-json\/wp\/v2\/product_brand?post=527638"},{"taxonomy":"product_cat","embeddable":true,"href":"https:\/\/staging.nbg.eu\/sl\/wp-json\/wp\/v2\/product_cat?post=527638"},{"taxonomy":"product_tag","embeddable":true,"href":"https:\/\/staging.nbg.eu\/sl\/wp-json\/wp\/v2\/product_tag?post=527638"}],"curies":[{"name":"wp","href":"https:\/\/api.w.org\/{rel}","templated":true}]}}