{"id":527035,"date":"2025-08-25T00:18:45","date_gmt":"2025-08-24T21:18:45","guid":{"rendered":"https:\/\/staging.nbg.eu\/product\/ftcs-enlarged-magazine-catch-with-shelf-ak-platform-no-16\/"},"modified":"2025-09-25T22:06:11","modified_gmt":"2025-09-25T19:06:11","slug":"ftcs-povecan-zatic-za-nabojnik-s-policijo-ak-platforma-st16","status":"publish","type":"product","link":"https:\/\/staging.nbg.eu\/sl\/izdelek\/ftcs-povecan-zatic-za-nabojnik-s-policijo-ak-platforma-st16\/","title":{"rendered":"FTCS &#8211; Pove\u010dan zati\u010d za nabojnik s policijo &#8211; AK platforma &#8211; \u0161t.16"},"content":{"rendered":"<div class=\"product-description\">\n<h2>FTCS &#8211; Pove\u010dana zaponka za nabojnik s polico &#8211; AK platforma &#8211; \u0160t. 16<\/h2>\n<p>Izbolj\u0161ajte svojo AK platformo s to pove\u010dano zaponko za nabojnik, ki ima polico za hitro sprostitev nabojnika z uporabo kazalca. Izdelana je iz jekla in ima \u010drno grafitno H-146 Cerakote prevleko.<\/p>\n<h2>Glavne zna\u010dilnosti:<\/h2>\n<ul>\n<li>Zdru\u017eljiva z ve\u010dino AK\/AKM\/AK-74 oro\u017eij<\/li>\n<li>Jeklena konstrukcija za trajnost<\/li>\n<li>Pove\u010dana zasnova za bolj\u0161e rokovanje<\/li>\n<li>Dodatna polica za sprostitev nabojnika s kazalcem<\/li>\n<\/ul>\n<h2>Tehni\u010dne specifikacije:<\/h2>\n<ul>\n<li>Dimenzije: 55 x 52 x 21 mm<\/li>\n<li>Te\u017ea: 20 g<\/li>\n<li>Zaklju\u010dek: Cerakote Grafitno \u010drna H-146<\/li>\n<\/ul>\n<p>Nadgradite ergonomijo in funkcionalnost va\u0161e AK platforme s FTCS pove\u010dano zaponko za nabojnik s polico &#8211; \u0161t. 16.<\/p>\n<\/div>\n","protected":false},"excerpt":{"rendered":"<p>Izbolj\u0161ana sprostitvena ro\u010dica za nabojnik za platformo AK s polico za prst. Jeklo, \u010drna barva.<\/p>\n","protected":false},"featured_media":481353,"template":"","meta":{"_acf_changed":false},"product_brand":[11326],"product_cat":[13417,13432,13483],"product_tag":[],"class_list":{"0":"post-527035","1":"product","2":"type-product","3":"status-publish","4":"has-post-thumbnail","6":"product_brand-ftcs","7":"product_cat-ak-nastavitve","8":"product_cat-nastavitve-puske","9":"product_cat-puska","11":"first","12":"instock","13":"taxable","14":"shipping-taxable","15":"purchasable","16":"product-type-simple"},"acf":[],"_links":{"self":[{"href":"https:\/\/staging.nbg.eu\/sl\/wp-json\/wp\/v2\/product\/527035","targetHints":{"allow":["GET"]}}],"collection":[{"href":"https:\/\/staging.nbg.eu\/sl\/wp-json\/wp\/v2\/product"}],"about":[{"href":"https:\/\/staging.nbg.eu\/sl\/wp-json\/wp\/v2\/types\/product"}],"wp:featuredmedia":[{"embeddable":true,"href":"https:\/\/staging.nbg.eu\/sl\/wp-json\/wp\/v2\/media\/481353"}],"wp:attachment":[{"href":"https:\/\/staging.nbg.eu\/sl\/wp-json\/wp\/v2\/media?parent=527035"}],"wp:term":[{"taxonomy":"product_brand","embeddable":true,"href":"https:\/\/staging.nbg.eu\/sl\/wp-json\/wp\/v2\/product_brand?post=527035"},{"taxonomy":"product_cat","embeddable":true,"href":"https:\/\/staging.nbg.eu\/sl\/wp-json\/wp\/v2\/product_cat?post=527035"},{"taxonomy":"product_tag","embeddable":true,"href":"https:\/\/staging.nbg.eu\/sl\/wp-json\/wp\/v2\/product_tag?post=527035"}],"curies":[{"name":"wp","href":"https:\/\/api.w.org\/{rel}","templated":true}]}}