{"id":52698,"date":"2024-03-12T18:05:32","date_gmt":"2024-09-13T11:33:39","guid":{"rendered":"https:\/\/staging.nbg.eu\/product\/bore-tech-x-count-patches-multiple-sizes\/"},"modified":"2024-09-13T11:34:52","modified_gmt":"2024-09-13T11:34:52","slug":"bore-tech-x-count-krpice-razlicne-velikosti","status":"publish","type":"product","link":"https:\/\/staging.nbg.eu\/sl\/izdelek\/bore-tech-x-count-krpice-razlicne-velikosti\/","title":{"rendered":"Bore Tech X-Count krpice (razli\u010dne velikosti)"},"content":{"rendered":"<p>Bore Tech X-Count\u2122 krpice: Zna\u010dilnosti:<\/p>\n<ul>\n<li>100% bomba\u017ena flanela<\/li>\n<li>Dvakrat \u010desan material, ki se ne cefra<\/li>\n<li>U\u010dinkovito \u010di\u0161\u010denje<\/li>\n<li>Dobra absorpcija topil<\/li>\n<li>Izdelano v ZDA<\/li>\n<li>Primerno za razli\u010dne vrste in kalibre oro\u017eja<\/li>\n<li>Pakirano v vre\u010dki z mo\u017enostjo ponovnega zapiranja in obe\u0161anja<\/li>\n<\/ul>\n","protected":false},"excerpt":{"rendered":"<p>Kakovostne bomba\u017ene krpice za \u010di\u0161\u010denje oro\u017eja, razli\u010dnih velikosti. Izdelano v ZDA.<\/p>\n","protected":false},"featured_media":52699,"template":"","meta":{"_acf_changed":false},"product_brand":[11159],"product_cat":[13464,13490],"product_tag":[],"class_list":{"0":"post-52698","1":"product","2":"type-product","3":"status-publish","4":"has-post-thumbnail","6":"product_brand-boretech","7":"product_cat-ciscenje-orozja","8":"product_cat-krpice","10":"first","11":"instock","12":"taxable","13":"shipping-taxable","14":"purchasable","15":"product-type-variable","16":"wvs-archive-product-wrapper"},"acf":[],"_links":{"self":[{"href":"https:\/\/staging.nbg.eu\/sl\/wp-json\/wp\/v2\/product\/52698","targetHints":{"allow":["GET"]}}],"collection":[{"href":"https:\/\/staging.nbg.eu\/sl\/wp-json\/wp\/v2\/product"}],"about":[{"href":"https:\/\/staging.nbg.eu\/sl\/wp-json\/wp\/v2\/types\/product"}],"wp:featuredmedia":[{"embeddable":true,"href":"https:\/\/staging.nbg.eu\/sl\/wp-json\/wp\/v2\/media\/52699"}],"wp:attachment":[{"href":"https:\/\/staging.nbg.eu\/sl\/wp-json\/wp\/v2\/media?parent=52698"}],"wp:term":[{"taxonomy":"product_brand","embeddable":true,"href":"https:\/\/staging.nbg.eu\/sl\/wp-json\/wp\/v2\/product_brand?post=52698"},{"taxonomy":"product_cat","embeddable":true,"href":"https:\/\/staging.nbg.eu\/sl\/wp-json\/wp\/v2\/product_cat?post=52698"},{"taxonomy":"product_tag","embeddable":true,"href":"https:\/\/staging.nbg.eu\/sl\/wp-json\/wp\/v2\/product_tag?post=52698"}],"curies":[{"name":"wp","href":"https:\/\/api.w.org\/{rel}","templated":true}]}}