{"id":52200,"date":"2024-03-12T19:00:56","date_gmt":"2024-09-13T11:30:12","guid":{"rendered":"https:\/\/staging.nbg.eu\/product\/bore-tech-rimfire-blend\/"},"modified":"2024-09-13T11:31:16","modified_gmt":"2024-09-13T11:31:16","slug":"bore-tech-rimfire-mesanica","status":"publish","type":"product","link":"https:\/\/staging.nbg.eu\/sl\/izdelek\/bore-tech-rimfire-mesanica\/","title":{"rendered":"Bore Tech Rimfire me\u0161anica"},"content":{"rendered":"<div class=\"product-description\">\n<h2>Bore Tech \u010distilo za strelno oro\u017eje malega kalibra<\/h2>\n<p>\u010cistilo, oblikovano za strelce malega kalibra, u\u010dinkovito odstranjuje svinec, ostanke smodnika in vosek nabojev. Uporabljajo ga tekmovalci in proizvajalci pu\u0161k.<\/p>\n<ul>\n<li>Brez amonijaka in vonja<\/li>\n<li>100% biorazgradljivo<\/li>\n<li>Odstranjuje plasti svinca, voska in ogljikovih oblog<\/li>\n<li>Zahteva minimalno krta\u010denje<\/li>\n<li>Varno za vse vrste cevi<\/li>\n<\/ul>\n<p>Preizkusite Bore Tech specializirano \u010distilno linijo.<\/p>\n<\/div>\n","protected":false},"excerpt":{"rendered":"<p>U\u010dinkovito \u010distilo za malokalibrsko strelivo odstranjuje svinec, vosek in ogljik. Brez amonijaka.<\/p>\n","protected":false},"featured_media":52201,"template":"","meta":{"_acf_changed":false},"product_brand":[11159],"product_cat":[13464,13478],"product_tag":[],"class_list":{"0":"post-52200","1":"product","2":"type-product","3":"status-publish","4":"has-post-thumbnail","6":"product_brand-boretech","7":"product_cat-ciscenje-orozja","8":"product_cat-cistila","10":"first","11":"instock","12":"taxable","13":"shipping-taxable","14":"purchasable","15":"product-type-variable","16":"wvs-archive-product-wrapper"},"acf":[],"_links":{"self":[{"href":"https:\/\/staging.nbg.eu\/sl\/wp-json\/wp\/v2\/product\/52200","targetHints":{"allow":["GET"]}}],"collection":[{"href":"https:\/\/staging.nbg.eu\/sl\/wp-json\/wp\/v2\/product"}],"about":[{"href":"https:\/\/staging.nbg.eu\/sl\/wp-json\/wp\/v2\/types\/product"}],"wp:featuredmedia":[{"embeddable":true,"href":"https:\/\/staging.nbg.eu\/sl\/wp-json\/wp\/v2\/media\/52201"}],"wp:attachment":[{"href":"https:\/\/staging.nbg.eu\/sl\/wp-json\/wp\/v2\/media?parent=52200"}],"wp:term":[{"taxonomy":"product_brand","embeddable":true,"href":"https:\/\/staging.nbg.eu\/sl\/wp-json\/wp\/v2\/product_brand?post=52200"},{"taxonomy":"product_cat","embeddable":true,"href":"https:\/\/staging.nbg.eu\/sl\/wp-json\/wp\/v2\/product_cat?post=52200"},{"taxonomy":"product_tag","embeddable":true,"href":"https:\/\/staging.nbg.eu\/sl\/wp-json\/wp\/v2\/product_tag?post=52200"}],"curies":[{"name":"wp","href":"https:\/\/api.w.org\/{rel}","templated":true}]}}