{"id":52014,"date":"2024-03-12T19:14:59","date_gmt":"2024-09-13T11:27:40","guid":{"rendered":"https:\/\/staging.nbg.eu\/product\/bore-tech-cu2-copper-remover\/"},"modified":"2024-09-13T11:28:43","modified_gmt":"2024-09-13T11:28:43","slug":"bore-tech-cu2-odstranjevalec-bakra","status":"publish","type":"product","link":"https:\/\/staging.nbg.eu\/sl\/izdelek\/bore-tech-cu2-odstranjevalec-bakra\/","title":{"rendered":"Bore Tech CU+2 odstranjevalec bakra"},"content":{"rendered":"<div class=\"product-description\">\n<h2>Bore Tech CU+2 odstranjevalec bakra<\/h2>\n<p>Patentiran Cu+2 odstranjevalec bakra\u2122 za odstranjevanje bakra. Ta raztopina deluje bolje od tradicionalnih topil na osnovi petro-amoniaka in ponuja:<\/p>\n<ul>\n<li>100% varen za cev in brez amoniaka<\/li>\n<li>Brez vonja in biorazgradljiv<\/li>\n<li>Hitro in popolno odstranjevanje bakra<\/li>\n<li>Dvostopenjski postopek za \u010di\u0161\u010denje<\/li>\n<li>Kratkoro\u010dna za\u0161\u010dita pred rjo<\/li>\n<\/ul>\n<p>Odstranjevalec bakra za vzdr\u017eevanje strelnega oro\u017eja, ki je enostaven za uporabo in ni nevaren.<\/p>\n<\/div>\n","protected":false},"excerpt":{"rendered":"<p>Patentirana raztopina za odstranjevanje bakra brez amoniaka. Hitro delujo\u010da, varna za cev in brez vonja.<\/p>\n","protected":false},"featured_media":52015,"template":"","meta":{"_acf_changed":false},"product_brand":[11159],"product_cat":[13464,13478],"product_tag":[],"class_list":{"0":"post-52014","1":"product","2":"type-product","3":"status-publish","4":"has-post-thumbnail","6":"product_brand-boretech","7":"product_cat-ciscenje-orozja","8":"product_cat-cistila","10":"first","11":"instock","12":"taxable","13":"shipping-taxable","14":"purchasable","15":"product-type-variable","16":"wvs-archive-product-wrapper"},"acf":[],"_links":{"self":[{"href":"https:\/\/staging.nbg.eu\/sl\/wp-json\/wp\/v2\/product\/52014","targetHints":{"allow":["GET"]}}],"collection":[{"href":"https:\/\/staging.nbg.eu\/sl\/wp-json\/wp\/v2\/product"}],"about":[{"href":"https:\/\/staging.nbg.eu\/sl\/wp-json\/wp\/v2\/types\/product"}],"wp:featuredmedia":[{"embeddable":true,"href":"https:\/\/staging.nbg.eu\/sl\/wp-json\/wp\/v2\/media\/52015"}],"wp:attachment":[{"href":"https:\/\/staging.nbg.eu\/sl\/wp-json\/wp\/v2\/media?parent=52014"}],"wp:term":[{"taxonomy":"product_brand","embeddable":true,"href":"https:\/\/staging.nbg.eu\/sl\/wp-json\/wp\/v2\/product_brand?post=52014"},{"taxonomy":"product_cat","embeddable":true,"href":"https:\/\/staging.nbg.eu\/sl\/wp-json\/wp\/v2\/product_cat?post=52014"},{"taxonomy":"product_tag","embeddable":true,"href":"https:\/\/staging.nbg.eu\/sl\/wp-json\/wp\/v2\/product_tag?post=52014"}],"curies":[{"name":"wp","href":"https:\/\/api.w.org\/{rel}","templated":true}]}}