{"id":51836,"date":"2024-03-13T05:48:23","date_gmt":"2024-03-13T05:48:23","guid":{"rendered":"https:\/\/staging.nbg.eu\/product\/bore-tech-c4-carbon-remover-4-oz\/"},"modified":"2024-09-13T10:08:08","modified_gmt":"2024-09-13T10:08:08","slug":"bore-tech-c4-odstranjevalec-ogljika-4-oz","status":"publish","type":"product","link":"https:\/\/staging.nbg.eu\/sl\/izdelek\/bore-tech-c4-odstranjevalec-ogljika-4-oz\/","title":{"rendered":"Bore Tech C4 odstranjevalec ogljika &#8211; 4 Oz"},"content":{"rendered":"<div class=\"product-description\">\n<h2>Bore Tech C4 odstranjevalec ogljika &#8211; 120 ml<\/h2>\n<p>Bore Tech C4 odstranjevalec ogljika u\u010dinkovito odstranjuje mo\u010dno ogljikovo onesna\u017eenje brez nevarnosti, strupenosti ali vonjav, ki jih najdemo v drugih \u010distilih. Je 100% varen za cevi, ni nevaren in ne vsebuje amonijaka. Primeren je za \u010di\u0161\u010denje cevi, nosilcev zaklepov in drugih delov.<\/p>\n<\/div>\n","protected":false},"excerpt":{"rendered":"<p>Mo\u010dno in varno sredstvo za odstranjevanje ogljika s strelnega oro\u017eja. Hitro in u\u010dinkovito.<\/p>\n","protected":false},"featured_media":51837,"template":"","meta":{"_acf_changed":false},"product_brand":[11159],"product_cat":[13464,13478],"product_tag":[],"class_list":{"0":"post-51836","1":"product","2":"type-product","3":"status-publish","4":"has-post-thumbnail","6":"product_brand-boretech","7":"product_cat-ciscenje-orozja","8":"product_cat-cistila","10":"first","11":"instock","12":"taxable","13":"shipping-taxable","14":"purchasable","15":"product-type-variable","16":"wvs-archive-product-wrapper"},"acf":[],"_links":{"self":[{"href":"https:\/\/staging.nbg.eu\/sl\/wp-json\/wp\/v2\/product\/51836","targetHints":{"allow":["GET"]}}],"collection":[{"href":"https:\/\/staging.nbg.eu\/sl\/wp-json\/wp\/v2\/product"}],"about":[{"href":"https:\/\/staging.nbg.eu\/sl\/wp-json\/wp\/v2\/types\/product"}],"wp:featuredmedia":[{"embeddable":true,"href":"https:\/\/staging.nbg.eu\/sl\/wp-json\/wp\/v2\/media\/51837"}],"wp:attachment":[{"href":"https:\/\/staging.nbg.eu\/sl\/wp-json\/wp\/v2\/media?parent=51836"}],"wp:term":[{"taxonomy":"product_brand","embeddable":true,"href":"https:\/\/staging.nbg.eu\/sl\/wp-json\/wp\/v2\/product_brand?post=51836"},{"taxonomy":"product_cat","embeddable":true,"href":"https:\/\/staging.nbg.eu\/sl\/wp-json\/wp\/v2\/product_cat?post=51836"},{"taxonomy":"product_tag","embeddable":true,"href":"https:\/\/staging.nbg.eu\/sl\/wp-json\/wp\/v2\/product_tag?post=51836"}],"curies":[{"name":"wp","href":"https:\/\/api.w.org\/{rel}","templated":true}]}}