{"id":51745,"date":"2024-03-14T09:15:35","date_gmt":"2024-09-13T10:05:20","guid":{"rendered":"https:\/\/staging.nbg.eu\/product\/boretech-nylon-chamber-brush-multiple-calibers\/"},"modified":"2024-09-13T10:06:18","modified_gmt":"2024-09-13T10:06:18","slug":"boretech-najlonska-krtaca-za-lezisce-naboja-razlicni-kalibri","status":"publish","type":"product","link":"https:\/\/staging.nbg.eu\/sl\/izdelek\/boretech-najlonska-krtaca-za-lezisce-naboja-razlicni-kalibri\/","title":{"rendered":"BoreTech najlonska krta\u010da za le\u017ei\u0161\u010de naboja (razli\u010dni kalibri)"},"content":{"rendered":"<div class=\"product-description\">\n<h2>BoreTech najlonska krta\u010da za le\u017ei\u0161\u010de naboja (ve\u010d kalibrov)<\/h2>\n<p>BoreTech najlonske krta\u010de za le\u017ei\u0161\u010de naboja imajo naslednje lastnosti:<\/p>\n<ul>\n<li>Zdru\u017eljivost s \u010distili za odstranjevanje bakra<\/li>\n<li>Dvojno \u010di\u0161\u010denje z dodatnimi najlonskimi \u0161\u010detinami<\/li>\n<li>Prilagojeni premeri \u0161\u010detin za vsak kaliber<\/li>\n<li>Jedro krta\u010de, ki ni iz medenine, z dvojno navitjem in zanko na koncu<\/li>\n<li>Aluminijasti \u010depi za vzdr\u017eljivost<\/li>\n<\/ul>\n<p>Odpravlja la\u017ene znake bakrovega onesna\u017eenja in modre made\u017ee, povezane z fosfor-bronastimi krta\u010dami. Na voljo v posameznih pakiranjih za .223\/5.56mm AR-15 in .308\/7.62mm AR-10.<\/p>\n<p>BoreTech omogo\u010da hitrej\u0161e in u\u010dinkovitej\u0161e \u010di\u0161\u010denje le\u017ei\u0161\u010da naboja brez ogro\u017eanja celovitosti va\u0161ega strelnega oro\u017eja.<\/p>\n<\/div>\n","protected":false},"excerpt":{"rendered":"<p>Varna, trpe\u017ena najlonska krta\u010da za komoro za u\u010dinkovito \u010di\u0161\u010denje strelnega oro\u017eja.<\/p>\n","protected":false},"featured_media":51746,"template":"","meta":{"_acf_changed":false},"product_brand":[11159],"product_cat":[13464,13491],"product_tag":[],"class_list":{"0":"post-51745","1":"product","2":"type-product","3":"status-publish","4":"has-post-thumbnail","6":"product_brand-boretech","7":"product_cat-ciscenje-orozja","8":"product_cat-krtace","9":"pa_model-ar-10-sl","10":"pa_model-ar-15-sl","12":"first","13":"instock","14":"taxable","15":"shipping-taxable","16":"purchasable","17":"product-type-variable","18":"wvs-archive-product-wrapper"},"acf":[],"_links":{"self":[{"href":"https:\/\/staging.nbg.eu\/sl\/wp-json\/wp\/v2\/product\/51745","targetHints":{"allow":["GET"]}}],"collection":[{"href":"https:\/\/staging.nbg.eu\/sl\/wp-json\/wp\/v2\/product"}],"about":[{"href":"https:\/\/staging.nbg.eu\/sl\/wp-json\/wp\/v2\/types\/product"}],"wp:featuredmedia":[{"embeddable":true,"href":"https:\/\/staging.nbg.eu\/sl\/wp-json\/wp\/v2\/media\/51746"}],"wp:attachment":[{"href":"https:\/\/staging.nbg.eu\/sl\/wp-json\/wp\/v2\/media?parent=51745"}],"wp:term":[{"taxonomy":"product_brand","embeddable":true,"href":"https:\/\/staging.nbg.eu\/sl\/wp-json\/wp\/v2\/product_brand?post=51745"},{"taxonomy":"product_cat","embeddable":true,"href":"https:\/\/staging.nbg.eu\/sl\/wp-json\/wp\/v2\/product_cat?post=51745"},{"taxonomy":"product_tag","embeddable":true,"href":"https:\/\/staging.nbg.eu\/sl\/wp-json\/wp\/v2\/product_tag?post=51745"}],"curies":[{"name":"wp","href":"https:\/\/api.w.org\/{rel}","templated":true}]}}