{"id":51583,"date":"2024-03-15T05:39:44","date_gmt":"2024-09-13T09:59:34","guid":{"rendered":"https:\/\/staging.nbg.eu\/product\/bore-tech-bullet-knock-out-set\/"},"modified":"2024-09-13T10:00:32","modified_gmt":"2024-09-13T10:00:32","slug":"bore-tech-bullet-knock-out-komplet","status":"publish","type":"product","link":"https:\/\/staging.nbg.eu\/sl\/izdelek\/bore-tech-bullet-knock-out-komplet\/","title":{"rendered":"Bore Tech Bullet Knock-out komplet"},"content":{"rendered":"<p><strong>Komplet Bore Tech za izbijanje nabojev<\/strong> je orodje za strelce. Ta komplet vklju\u010duje 4 medeninaste konice, namenjene odstranjevanju zataknjenih nabojev ali tulcev brez po\u0161kodovanja \u010distilne palice. Zdru\u017eljiv je s pu\u0161kami in pi\u0161tolami kalibrov od .17 do .50.<\/p>\n","protected":false},"excerpt":{"rendered":"<p>Bistveno orodje za odstranjevanje zagozdenih krogel. 4 medeninaste konice, kalibri .17-.50.<\/p>\n","protected":false},"featured_media":51584,"template":"","meta":{"_acf_changed":false},"product_brand":[11159],"product_cat":[13464,13491],"product_tag":[],"class_list":{"0":"post-51583","1":"product","2":"type-product","3":"status-publish","4":"has-post-thumbnail","6":"product_brand-boretech","7":"product_cat-ciscenje-orozja","8":"product_cat-krtace","10":"first","11":"instock","12":"taxable","13":"shipping-taxable","14":"purchasable","15":"product-type-simple"},"acf":[],"_links":{"self":[{"href":"https:\/\/staging.nbg.eu\/sl\/wp-json\/wp\/v2\/product\/51583","targetHints":{"allow":["GET"]}}],"collection":[{"href":"https:\/\/staging.nbg.eu\/sl\/wp-json\/wp\/v2\/product"}],"about":[{"href":"https:\/\/staging.nbg.eu\/sl\/wp-json\/wp\/v2\/types\/product"}],"wp:featuredmedia":[{"embeddable":true,"href":"https:\/\/staging.nbg.eu\/sl\/wp-json\/wp\/v2\/media\/51584"}],"wp:attachment":[{"href":"https:\/\/staging.nbg.eu\/sl\/wp-json\/wp\/v2\/media?parent=51583"}],"wp:term":[{"taxonomy":"product_brand","embeddable":true,"href":"https:\/\/staging.nbg.eu\/sl\/wp-json\/wp\/v2\/product_brand?post=51583"},{"taxonomy":"product_cat","embeddable":true,"href":"https:\/\/staging.nbg.eu\/sl\/wp-json\/wp\/v2\/product_cat?post=51583"},{"taxonomy":"product_tag","embeddable":true,"href":"https:\/\/staging.nbg.eu\/sl\/wp-json\/wp\/v2\/product_tag?post=51583"}],"curies":[{"name":"wp","href":"https:\/\/api.w.org\/{rel}","templated":true}]}}