{"id":51487,"date":"2024-03-15T06:18:52","date_gmt":"2024-09-13T09:57:17","guid":{"rendered":"https:\/\/staging.nbg.eu\/product\/bore-tech-chameleon-gel-2-oz-tube\/"},"modified":"2024-09-13T09:58:19","modified_gmt":"2024-09-13T09:58:19","slug":"bore-tech-chameleon-gel-2-oz-tuba","status":"publish","type":"product","link":"https:\/\/staging.nbg.eu\/sl\/izdelek\/bore-tech-chameleon-gel-2-oz-tuba\/","title":{"rendered":"Bore Tech Chameleon gel (2 Oz tuba)"},"content":{"rendered":"<h2>Bore Tech Chameleon Gel (Tuba 2 Un\u010di)<\/h2>\n<p>Bore Tech Chameleon Gel\u2122 je patentirano \u010distilo in polirno sredstvo za strelno oro\u017eje. Ta gel, ki spreminja barvo, odstranjuje ostanke ogljika, bakra, svinca in molibdena ter pusti cev \u010disto in svetle\u010do.<\/p>\n<ul>\n<li>Brez vonja in biorazgradljiv<\/li>\n<li>Varen za vse vrste cevi<\/li>\n<li>Me\u0161anje ni potrebno<\/li>\n<li>Gelasta formula za enostavno uporabo<\/li>\n<li>Tehnologija spreminjanja barve za natan\u010dno \u010di\u0161\u010denje<\/li>\n<\/ul>\n<p>Formula Chameleon Gela spreminja barvo glede na vrsto ostankov:<\/p>\n<p>Modra\/Zelena: Baker<\/p>\n<p>\u010crna: Ogljik<\/p>\n<p>Siva: Svinec\/Molibden<\/p>\n<p>Bela: \u010cista cev<\/p>\n<p>Vzdr\u017eujte u\u010dinkovitost svojega strelnega oro\u017eja s to \u010distilno raztopino. Na voljo v 2-un\u010dni tubi.<\/p>\n","protected":false},"excerpt":{"rendered":"<p>\u010cistilo v gelu, ki spreminja barvo, odstranjuje obloge iz cevi pi\u0161tol.<\/p>\n","protected":false},"featured_media":51488,"template":"","meta":{"_acf_changed":false},"product_brand":[11159],"product_cat":[13464,13478],"product_tag":[],"class_list":{"0":"post-51487","1":"product","2":"type-product","3":"status-publish","4":"has-post-thumbnail","6":"product_brand-boretech","7":"product_cat-ciscenje-orozja","8":"product_cat-cistila","10":"first","11":"instock","12":"taxable","13":"shipping-taxable","14":"purchasable","15":"product-type-simple"},"acf":[],"_links":{"self":[{"href":"https:\/\/staging.nbg.eu\/sl\/wp-json\/wp\/v2\/product\/51487","targetHints":{"allow":["GET"]}}],"collection":[{"href":"https:\/\/staging.nbg.eu\/sl\/wp-json\/wp\/v2\/product"}],"about":[{"href":"https:\/\/staging.nbg.eu\/sl\/wp-json\/wp\/v2\/types\/product"}],"wp:featuredmedia":[{"embeddable":true,"href":"https:\/\/staging.nbg.eu\/sl\/wp-json\/wp\/v2\/media\/51488"}],"wp:attachment":[{"href":"https:\/\/staging.nbg.eu\/sl\/wp-json\/wp\/v2\/media?parent=51487"}],"wp:term":[{"taxonomy":"product_brand","embeddable":true,"href":"https:\/\/staging.nbg.eu\/sl\/wp-json\/wp\/v2\/product_brand?post=51487"},{"taxonomy":"product_cat","embeddable":true,"href":"https:\/\/staging.nbg.eu\/sl\/wp-json\/wp\/v2\/product_cat?post=51487"},{"taxonomy":"product_tag","embeddable":true,"href":"https:\/\/staging.nbg.eu\/sl\/wp-json\/wp\/v2\/product_tag?post=51487"}],"curies":[{"name":"wp","href":"https:\/\/api.w.org\/{rel}","templated":true}]}}