{"id":51431,"date":"2024-03-15T07:11:12","date_gmt":"2024-09-13T09:53:33","guid":{"rendered":"https:\/\/staging.nbg.eu\/product\/bore-tech-shield-xp-rust-preventive\/"},"modified":"2024-09-13T09:54:35","modified_gmt":"2024-09-13T09:54:35","slug":"bore-tech-shield-xp-zascita-pred-rjo","status":"publish","type":"product","link":"https:\/\/staging.nbg.eu\/sl\/izdelek\/bore-tech-shield-xp-zascita-pred-rjo\/","title":{"rendered":"Bore Tech Shield XP za\u0161\u010dita pred rjo"},"content":{"rendered":"<h2>Bore Tech Shield XP za\u0161\u010dita proti rji<\/h2>\n<p>Za\u0161\u010ditite svoje strelno oro\u017eje z Bore Tech Shield XP za\u0161\u010dito proti rji, formulo, ki nudi za\u0161\u010dito pred rjo in korozijo. Ta raztopina, ki ni oljnata ali mastna, prodre globoko, izpodriva vlago in nevtralizira korozivne snovi, pri \u010demer pusti nevidno bariero, ki ne privla\u010di umazanije.<\/p>\n<ul>\n<li>Primerno za dolgoro\u010dno shranjevanje<\/li>\n<li>Varno za vse kovine<\/li>\n<li>Presega 500 ur v ASTM testiranju vla\u017enosti<\/li>\n<li>Vonj po kokosu<\/li>\n<li>Prakti\u010dna pr\u0161ilna stekleni\u010dka<\/li>\n<\/ul>\n<h3>Navodila:<\/h3>\n<ol>\n<li>Raztovorite oro\u017eje in razmastite povr\u0161ine<\/li>\n<li>Po\u0161kropite ali nanesite Shield XP na kovinske povr\u0161ine<\/li>\n<li>Po\u010dakajte 15 minut, po potrebi nanesite drugi sloj<\/li>\n<li>Pred uporabo potegnite suho krpo skozi cev<\/li>\n<\/ol>\n<p>Shield XP: Za\u0161\u010dita proti rji in koroziji za va\u0161e strelno oro\u017eje.<\/p>\n","protected":false},"excerpt":{"rendered":"<p>Dolgotrajna za\u0161\u010dita pred rjo za strelno oro\u017eje.<\/p>\n","protected":false},"featured_media":51397,"template":"","meta":{"_acf_changed":false},"product_brand":[11159],"product_cat":[13464,13452],"product_tag":[],"class_list":{"0":"post-51431","1":"product","2":"type-product","3":"status-publish","4":"has-post-thumbnail","6":"product_brand-boretech","7":"product_cat-ciscenje-orozja","8":"product_cat-maziva","10":"first","11":"instock","12":"taxable","13":"shipping-taxable","14":"purchasable","15":"product-type-simple"},"acf":[],"_links":{"self":[{"href":"https:\/\/staging.nbg.eu\/sl\/wp-json\/wp\/v2\/product\/51431","targetHints":{"allow":["GET"]}}],"collection":[{"href":"https:\/\/staging.nbg.eu\/sl\/wp-json\/wp\/v2\/product"}],"about":[{"href":"https:\/\/staging.nbg.eu\/sl\/wp-json\/wp\/v2\/types\/product"}],"wp:featuredmedia":[{"embeddable":true,"href":"https:\/\/staging.nbg.eu\/sl\/wp-json\/wp\/v2\/media\/51397"}],"wp:attachment":[{"href":"https:\/\/staging.nbg.eu\/sl\/wp-json\/wp\/v2\/media?parent=51431"}],"wp:term":[{"taxonomy":"product_brand","embeddable":true,"href":"https:\/\/staging.nbg.eu\/sl\/wp-json\/wp\/v2\/product_brand?post=51431"},{"taxonomy":"product_cat","embeddable":true,"href":"https:\/\/staging.nbg.eu\/sl\/wp-json\/wp\/v2\/product_cat?post=51431"},{"taxonomy":"product_tag","embeddable":true,"href":"https:\/\/staging.nbg.eu\/sl\/wp-json\/wp\/v2\/product_tag?post=51431"}],"curies":[{"name":"wp","href":"https:\/\/api.w.org\/{rel}","templated":true}]}}