{"id":51396,"date":"2024-03-15T07:47:20","date_gmt":"2024-09-13T09:50:07","guid":{"rendered":"https:\/\/staging.nbg.eu\/product\/boretech-eliminator-4-oz\/"},"modified":"2024-09-13T09:51:12","modified_gmt":"2024-09-13T09:51:12","slug":"boretech-eliminator-4-oz","status":"publish","type":"product","link":"https:\/\/staging.nbg.eu\/sl\/izdelek\/boretech-eliminator-4-oz\/","title":{"rendered":"BoreTech Eliminator &#8211; 4 Oz"},"content":{"rendered":"<div class=\"product-description\">\n<h2>BoreTech Eliminator &#8211; 118 ml<\/h2>\n<p>BoreTech Eliminator\u2122 \u010distilo za pu\u0161kine cevi je patentirano, hitro delujo\u010de in varno za cevi. Klju\u010dne lastnosti vklju\u010dujejo:<\/p>\n<ul>\n<li>100% varno za cevi in biorazgradljivo<\/li>\n<li>Brez amonijaka in brez vonja<\/li>\n<li>Hitro odstranjuje ogljik, baker, svinec in korozivne ostanke<\/li>\n<li>Ni nevarno in je enostavno za uporabo<\/li>\n<\/ul>\n<p>Eliminator hitro sprosti ogljikove usedline ter hkrati oksidira in suspendira bakreno onesna\u017eenje. To prepre\u010duje ponovno odlaganje in zagotavlja temeljito \u010di\u0161\u010denje.<\/p>\n<h3>Navodila:<\/h3>\n<ol>\n<li>Zmo\u010dite 3-4 zaplat z Eliminatorjem in jih potisnite skozi cev v eno smer<\/li>\n<li>Naredite 10-15 prehodov z navla\u017eeno najlonsko krta\u010do<\/li>\n<li>Ponovite korak 1 in pustite delovati 3-5 minut<\/li>\n<li>Potiskajte suhe zaplate skozi, dokler niso \u010diste<\/li>\n<li>Po potrebi ponovite<\/li>\n<li>Za shranjevanje nanesite Bore Tech Friction Guard XP olje za oro\u017eje<\/li>\n<li>Pred uporabo potegnite skozi suho zaplato<\/li>\n<\/ol>\n<p>Izberite BoreTech Eliminator za \u010di\u0161\u010denje in za\u0161\u010dito cevi.<\/p>\n<\/div>\n","protected":false},"excerpt":{"rendered":"<p>BoreTech Eliminator: Varen, mo\u010dan \u010distilec cevi. Odstranjuje ne\u010disto\u010de.<\/p>\n","protected":false},"featured_media":70988,"template":"","meta":{"_acf_changed":false},"product_brand":[11159],"product_cat":[13464,13478],"product_tag":[],"class_list":{"0":"post-51396","1":"product","2":"type-product","3":"status-publish","4":"has-post-thumbnail","6":"product_brand-boretech","7":"product_cat-ciscenje-orozja","8":"product_cat-cistila","10":"first","11":"instock","12":"taxable","13":"shipping-taxable","14":"purchasable","15":"product-type-variable","16":"wvs-archive-product-wrapper"},"acf":[],"_links":{"self":[{"href":"https:\/\/staging.nbg.eu\/sl\/wp-json\/wp\/v2\/product\/51396","targetHints":{"allow":["GET"]}}],"collection":[{"href":"https:\/\/staging.nbg.eu\/sl\/wp-json\/wp\/v2\/product"}],"about":[{"href":"https:\/\/staging.nbg.eu\/sl\/wp-json\/wp\/v2\/types\/product"}],"wp:featuredmedia":[{"embeddable":true,"href":"https:\/\/staging.nbg.eu\/sl\/wp-json\/wp\/v2\/media\/70988"}],"wp:attachment":[{"href":"https:\/\/staging.nbg.eu\/sl\/wp-json\/wp\/v2\/media?parent=51396"}],"wp:term":[{"taxonomy":"product_brand","embeddable":true,"href":"https:\/\/staging.nbg.eu\/sl\/wp-json\/wp\/v2\/product_brand?post=51396"},{"taxonomy":"product_cat","embeddable":true,"href":"https:\/\/staging.nbg.eu\/sl\/wp-json\/wp\/v2\/product_cat?post=51396"},{"taxonomy":"product_tag","embeddable":true,"href":"https:\/\/staging.nbg.eu\/sl\/wp-json\/wp\/v2\/product_tag?post=51396"}],"curies":[{"name":"wp","href":"https:\/\/api.w.org\/{rel}","templated":true}]}}