{"id":51290,"date":"2024-03-15T17:11:28","date_gmt":"2024-03-15T17:11:28","guid":{"rendered":"https:\/\/staging.nbg.eu\/product\/bore-tech-bore-guide-bolt-action-centerfire-8mm-416-cal\/"},"modified":"2024-09-13T09:48:18","modified_gmt":"2024-09-13T09:48:18","slug":"bore-tech-vodilo-cevi-repetirno-osrednje-vziganje-8mm416-cal","status":"publish","type":"product","link":"https:\/\/staging.nbg.eu\/sl\/izdelek\/bore-tech-vodilo-cevi-repetirno-osrednje-vziganje-8mm416-cal\/","title":{"rendered":"Bore Tech vodilo cevi &#8211; repetirno osrednje v\u017eiganje (8mm\/.416 Cal)"},"content":{"rendered":"<div class=\"product-description\">\n<h2>Bore Tech vodilo cevi &#8211; Repetirka s centralno v\u017eigalnim nabojem (8mm\/.416 Cal)<\/h2>\n<p>Za\u0161\u010ditite svoje strelno oro\u017eje in palico za \u010di\u0161\u010denje z Bore Tech vodilom cevi. To orodje za repetirke s centralno v\u017eigalnim nabojem zagotavlja:<\/p>\n<ul>\n<li>Natan\u010dno poravnavo palic za \u010di\u0161\u010denje s cevjo<\/li>\n<li>Prepre\u010devanje po\u0161kodb strelnega oro\u017eja in palice za \u010di\u0161\u010denje<\/li>\n<li>Tesnenje z gumijastimi nosnimi sto\u017eci, odpornimi na topila<\/li>\n<li>Brez pu\u0161\u010danja \u010distila za cev v le\u017ei\u0161\u010de naboja in mehanizem<\/li>\n<\/ul>\n<p>Lastnosti:<\/p>\n<ul>\n<li>CNC strojno obdelane in brizgane komponente<\/li>\n<li>Zeleno obarvano za kalibre od 8mm do .416<\/li>\n<li>Primerno za ve\u010dino repetirk<\/li>\n<li>Raz\u0161irjene odprtine za topilo za la\u017ejo uporabo<\/li>\n<li>Nastavljiv obro\u010d za kratke in dolge mehanizme<\/li>\n<\/ul>\n<p>Bore Tech vodilo cevi za pravilno vzdr\u017eevanje strelnega oro\u017eja.<\/p>\n<\/div>\n","protected":false},"excerpt":{"rendered":"<p>Orodje za natan\u010dno \u010di\u0161\u010denje za repetirke kalibrov od 8 mm do .416. Prepre\u010duje po\u0161kodbe.<\/p>\n","protected":false},"featured_media":51291,"template":"","meta":{"_acf_changed":false},"product_brand":[11159],"product_cat":[13464,13423],"product_tag":[],"class_list":{"0":"post-51290","1":"product","2":"type-product","3":"status-publish","4":"has-post-thumbnail","6":"product_brand-boretech","7":"product_cat-ciscenje-orozja","8":"product_cat-cistilne-palice","10":"first","11":"instock","12":"taxable","13":"shipping-taxable","14":"purchasable","15":"product-type-variable","16":"wvs-archive-product-wrapper"},"acf":[],"_links":{"self":[{"href":"https:\/\/staging.nbg.eu\/sl\/wp-json\/wp\/v2\/product\/51290","targetHints":{"allow":["GET"]}}],"collection":[{"href":"https:\/\/staging.nbg.eu\/sl\/wp-json\/wp\/v2\/product"}],"about":[{"href":"https:\/\/staging.nbg.eu\/sl\/wp-json\/wp\/v2\/types\/product"}],"wp:featuredmedia":[{"embeddable":true,"href":"https:\/\/staging.nbg.eu\/sl\/wp-json\/wp\/v2\/media\/51291"}],"wp:attachment":[{"href":"https:\/\/staging.nbg.eu\/sl\/wp-json\/wp\/v2\/media?parent=51290"}],"wp:term":[{"taxonomy":"product_brand","embeddable":true,"href":"https:\/\/staging.nbg.eu\/sl\/wp-json\/wp\/v2\/product_brand?post=51290"},{"taxonomy":"product_cat","embeddable":true,"href":"https:\/\/staging.nbg.eu\/sl\/wp-json\/wp\/v2\/product_cat?post=51290"},{"taxonomy":"product_tag","embeddable":true,"href":"https:\/\/staging.nbg.eu\/sl\/wp-json\/wp\/v2\/product_tag?post=51290"}],"curies":[{"name":"wp","href":"https:\/\/api.w.org\/{rel}","templated":true}]}}