{"id":51179,"date":"2024-03-16T18:40:45","date_gmt":"2024-09-13T09:25:32","guid":{"rendered":"https:\/\/staging.nbg.eu\/product\/bore-tech-bronze-stainless-chamber-brush\/"},"modified":"2024-09-13T09:26:31","modified_gmt":"2024-09-13T09:26:31","slug":"bore-tech-bronastnerjavni-komorni-scetka","status":"publish","type":"product","link":"https:\/\/staging.nbg.eu\/sl\/izdelek\/bore-tech-bronastnerjavni-komorni-scetka\/","title":{"rendered":"Bore Tech bronast\/nerjavni komorni \u0161\u010detka"},"content":{"rendered":"<h2>Bore Tech bronasta\/jeklena krta\u010da za le\u017ei\u0161\u010de naboja<\/h2>\n<p>Bore Tech bronaste\/jeklene krta\u010de za le\u017ei\u0161\u010de naboja. Te krta\u010de, varne za le\u017ei\u0161\u010de naboja, so izdelane s kakovostno konstrukcijo in in\u017eenirskimi zna\u010dilnostmi.<\/p>\n<ul>\n<li>Kombinacija zelo togih bronastih in jeklenih \u0161\u010detin<\/li>\n<li>Dvojno \u010distilno delovanje za hitrej\u0161e in u\u010dinkovitej\u0161e \u010di\u0161\u010denje<\/li>\n<li>Dvojno navita jedra krta\u010de z zankami na koncih prepre\u010dujejo ostre robove<\/li>\n<li>Aluminijasti \u010depi letalske kakovosti za trajnost<\/li>\n<li>Na voljo za .223\/5.56mm AR-15 in .308\/7.62mm AR-10<\/li>\n<\/ul>\n<p>Bore Tech krta\u010de za \u010di\u0161\u010denje le\u017ei\u0161\u010da naboja.<\/p>\n<h3>Navodila:<\/h3>\n<ol>\n<li>Privijte krta\u010do na palico<\/li>\n<li>Namo\u010dite krta\u010do s \u010distilom (priporo\u010dena C4 Carbon Remover ali Eliminator Bore Cleaner)<\/li>\n<li>Vstavite v le\u017ei\u0161\u010de naboja in zavrtite 6-12 krat<\/li>\n<li>Po potrebi ponovno nanesite topilo in nadaljujte s \u0161\u010detkanjem<\/li>\n<li>Obri\u0161ite le\u017ei\u0161\u010de naboja s krpo ali \u010distilnikom<\/li>\n<li>Pred shranjevanjem o\u010distite krta\u010de<\/li>\n<\/ol>\n","protected":false},"excerpt":{"rendered":"<p>U\u010dinkovita krta\u010da z dvojno \u0161\u010detinasto komoro za pu\u0161ke AR-15 in AR-10.<\/p>\n","protected":false},"featured_media":51180,"template":"","meta":{"_acf_changed":false},"product_brand":[11159],"product_cat":[13464,13491],"product_tag":[],"class_list":{"0":"post-51179","1":"product","2":"type-product","3":"status-publish","4":"has-post-thumbnail","6":"product_brand-boretech","7":"product_cat-ciscenje-orozja","8":"product_cat-krtace","9":"pa_model-ar-10-sl","10":"pa_model-ar-15-sl","12":"first","13":"instock","14":"taxable","15":"shipping-taxable","16":"purchasable","17":"product-type-variable","18":"wvs-archive-product-wrapper"},"acf":[],"_links":{"self":[{"href":"https:\/\/staging.nbg.eu\/sl\/wp-json\/wp\/v2\/product\/51179","targetHints":{"allow":["GET"]}}],"collection":[{"href":"https:\/\/staging.nbg.eu\/sl\/wp-json\/wp\/v2\/product"}],"about":[{"href":"https:\/\/staging.nbg.eu\/sl\/wp-json\/wp\/v2\/types\/product"}],"wp:featuredmedia":[{"embeddable":true,"href":"https:\/\/staging.nbg.eu\/sl\/wp-json\/wp\/v2\/media\/51180"}],"wp:attachment":[{"href":"https:\/\/staging.nbg.eu\/sl\/wp-json\/wp\/v2\/media?parent=51179"}],"wp:term":[{"taxonomy":"product_brand","embeddable":true,"href":"https:\/\/staging.nbg.eu\/sl\/wp-json\/wp\/v2\/product_brand?post=51179"},{"taxonomy":"product_cat","embeddable":true,"href":"https:\/\/staging.nbg.eu\/sl\/wp-json\/wp\/v2\/product_cat?post=51179"},{"taxonomy":"product_tag","embeddable":true,"href":"https:\/\/staging.nbg.eu\/sl\/wp-json\/wp\/v2\/product_tag?post=51179"}],"curies":[{"name":"wp","href":"https:\/\/api.w.org\/{rel}","templated":true}]}}