{"id":50851,"date":"2024-04-18T08:10:02","date_gmt":"2024-09-13T09:08:26","guid":{"rendered":"https:\/\/staging.nbg.eu\/product\/blue-force-gear-hunting-sling\/"},"modified":"2024-09-13T09:09:26","modified_gmt":"2024-09-13T09:09:26","slug":"blue-force-gear-lovska-pas","status":"publish","type":"product","link":"https:\/\/staging.nbg.eu\/sl\/izdelek\/blue-force-gear-lovska-pas\/","title":{"rendered":"Blue Force Gear lovska pas"},"content":{"rendered":"<h2>Blue Force Gear Lovski Pas za No\u0161enje<\/h2>\n<p>Blue Force Gear lovski pas za no\u0161enje je namenjen za pu\u0161ke in \u0161ibrenice. Ta ve\u010dnamenski pas zdru\u017euje kakovost, preizku\u0161eno v boju, z enostavno uporabo in se prilega tradicionalnim zaponkam za pas.<\/p>\n<h2>Klju\u010dne lastnosti:<\/h2>\n<ul>\n<li>Voja\u0161ka INVISTA\u2122 barvana CORDURA\u00ae tkanina<\/li>\n<li>Hitro prilagajanje od 66 cm do 117 cm<\/li>\n<li>Vklju\u010dene pritrjene zaponke s stranskim spro\u0161\u010danjem<\/li>\n<li>Obstojne barve in odporen na zvijanje, pokanje ali trdenje<\/li>\n<li>Primeren za dolge pohode in plezanje na lovske pre\u017ee<\/li>\n<\/ul>\n<p>Ta pas omogo\u010da prehod iz polo\u017eaja za no\u0161enje v polo\u017eaj za streljanje. Omogo\u010da pritrditev oro\u017eja ob telo ali sprostitev za hitro namestitev na ramo in streljanje.<\/p>\n","protected":false},"excerpt":{"rendered":"<p>Trpe\u017een, nastavljiv pas za pu\u0161ke in \u0161ibrovke. Enostavna uporaba.<\/p>\n","protected":false},"featured_media":50852,"template":"","meta":{"_acf_changed":false},"product_brand":[11139],"product_cat":[13450,13446],"product_tag":[],"class_list":{"0":"post-50851","1":"product","2":"type-product","3":"status-publish","4":"has-post-thumbnail","6":"product_brand-blue-force-gear","7":"product_cat-oprema","8":"product_cat-pasovi-za-nosenje","10":"first","11":"instock","12":"taxable","13":"shipping-taxable","14":"purchasable","15":"product-type-variable","16":"wvs-archive-product-wrapper"},"acf":[],"_links":{"self":[{"href":"https:\/\/staging.nbg.eu\/sl\/wp-json\/wp\/v2\/product\/50851","targetHints":{"allow":["GET"]}}],"collection":[{"href":"https:\/\/staging.nbg.eu\/sl\/wp-json\/wp\/v2\/product"}],"about":[{"href":"https:\/\/staging.nbg.eu\/sl\/wp-json\/wp\/v2\/types\/product"}],"wp:featuredmedia":[{"embeddable":true,"href":"https:\/\/staging.nbg.eu\/sl\/wp-json\/wp\/v2\/media\/50852"}],"wp:attachment":[{"href":"https:\/\/staging.nbg.eu\/sl\/wp-json\/wp\/v2\/media?parent=50851"}],"wp:term":[{"taxonomy":"product_brand","embeddable":true,"href":"https:\/\/staging.nbg.eu\/sl\/wp-json\/wp\/v2\/product_brand?post=50851"},{"taxonomy":"product_cat","embeddable":true,"href":"https:\/\/staging.nbg.eu\/sl\/wp-json\/wp\/v2\/product_cat?post=50851"},{"taxonomy":"product_tag","embeddable":true,"href":"https:\/\/staging.nbg.eu\/sl\/wp-json\/wp\/v2\/product_tag?post=50851"}],"curies":[{"name":"wp","href":"https:\/\/api.w.org\/{rel}","templated":true}]}}