{"id":50218,"date":"2024-04-21T18:34:24","date_gmt":"2024-09-13T08:44:35","guid":{"rendered":"https:\/\/staging.nbg.eu\/product\/blue-force-gear-molded-uwl-black\/"},"modified":"2024-09-13T08:45:29","modified_gmt":"2024-09-13T08:45:29","slug":"blue-force-gear-oblikovani-uwl-crn","status":"publish","type":"product","link":"https:\/\/staging.nbg.eu\/sl\/izdelek\/blue-force-gear-oblikovani-uwl-crn\/","title":{"rendered":"Blue Force Gear oblikovani UWL &#8211; \u010drn"},"content":{"rendered":"<div class=\"product-description\">\n<h2>Blue Force Gear Oblikovana UWL &#8211; \u010crna<\/h2>\n<p>Oblikovana univerzalna \u017ei\u010dna zanka (UWL) omogo\u010da pritrjevanje jermenov na razli\u010dne pritrdilne to\u010dke oro\u017eja. Zasnovana je za jermene \u0161irine do 1,25&#8243;, vklju\u010dno z jermenem Vickers, in je lahka re\u0161itev za o\u010desa, re\u017ee in luknje na vodilih.<\/p>\n<h3>Klju\u010dne lastnosti:<\/h3>\n<ul>\n<li>Jekleni kabel, prevle\u010den z najlonom voja\u0161ke kakovosti<\/li>\n<li>Trpe\u017eno nereflektivno ohi\u0161je iz najlona 6-6<\/li>\n<li>2,55&#8243; \u017ei\u010dna zanka od osnove do vrha<\/li>\n<li>1,25&#8243; zanka za jermen, zdru\u017eljiva z jermeni Vickers Combat Applications Slings\u2122<\/li>\n<li>Gumb za standardne vrtljive zaponke jermenov<\/li>\n<li>Konci s krogli\u010dno glavo po voja\u0161kem standardu, neposredno stisnjeni na \u017eico za dodatno trdnost<\/li>\n<\/ul>\n<p>Blue Force Gear Oblikovana UWL &#8211; \u010crna omogo\u010da vsestranski na\u010din pritrditve jermena.<\/p>\n<\/div>\n","protected":false},"excerpt":{"rendered":"<p>Vsestranski nosilec za jermene \u0161irine 1,25&#8243;. Trpe\u017ena in lahka zasnova.<\/p>\n","protected":false},"featured_media":50219,"template":"","meta":{"_acf_changed":false},"product_brand":[11139],"product_cat":[13450,13446],"product_tag":[],"class_list":{"0":"post-50218","1":"product","2":"type-product","3":"status-publish","4":"has-post-thumbnail","6":"product_brand-blue-force-gear","7":"product_cat-oprema","8":"product_cat-pasovi-za-nosenje","10":"first","11":"instock","12":"taxable","13":"shipping-taxable","14":"purchasable","15":"product-type-simple"},"acf":[],"_links":{"self":[{"href":"https:\/\/staging.nbg.eu\/sl\/wp-json\/wp\/v2\/product\/50218","targetHints":{"allow":["GET"]}}],"collection":[{"href":"https:\/\/staging.nbg.eu\/sl\/wp-json\/wp\/v2\/product"}],"about":[{"href":"https:\/\/staging.nbg.eu\/sl\/wp-json\/wp\/v2\/types\/product"}],"wp:featuredmedia":[{"embeddable":true,"href":"https:\/\/staging.nbg.eu\/sl\/wp-json\/wp\/v2\/media\/50219"}],"wp:attachment":[{"href":"https:\/\/staging.nbg.eu\/sl\/wp-json\/wp\/v2\/media?parent=50218"}],"wp:term":[{"taxonomy":"product_brand","embeddable":true,"href":"https:\/\/staging.nbg.eu\/sl\/wp-json\/wp\/v2\/product_brand?post=50218"},{"taxonomy":"product_cat","embeddable":true,"href":"https:\/\/staging.nbg.eu\/sl\/wp-json\/wp\/v2\/product_cat?post=50218"},{"taxonomy":"product_tag","embeddable":true,"href":"https:\/\/staging.nbg.eu\/sl\/wp-json\/wp\/v2\/product_tag?post=50218"}],"curies":[{"name":"wp","href":"https:\/\/api.w.org\/{rel}","templated":true}]}}