{"id":49995,"date":"2024-05-23T19:46:21","date_gmt":"2024-09-13T08:37:45","guid":{"rendered":"https:\/\/staging.nbg.eu\/product\/blue-force-gear-micro-trauma-kit-now\/"},"modified":"2024-09-13T08:38:43","modified_gmt":"2024-09-13T08:38:43","slug":"blue-force-gear-mikro-travmatski-komplet-now","status":"publish","type":"product","link":"https:\/\/staging.nbg.eu\/sl\/izdelek\/blue-force-gear-mikro-travmatski-komplet-now\/","title":{"rendered":"Blue Force Gear mikro travmatski komplet NOW!"},"content":{"rendered":"<div class=\"product-description\">\n<h2>Blue Force Gear Micro Trauma Kit NOW!<\/h2>\n<p>Micro Trauma Kit NOW! (Micro TKN) je kompaktna re\u0161itev za vsakodnevno no\u0161enje osnovnih medicinskih pripomo\u010dkov za re\u0161evanje \u017eivljenj. Namenjen je policistom, pripravljenim dr\u017eavljanom in lovcem. Ta komplet, name\u0161\u010den na pasu, zagotavlja hiter dostop do klju\u010dnih izdelkov za prvo pomo\u010d.<\/p>\n<h2>Klju\u010dne lastnosti:<\/h2>\n<ul>\n<li>Kompaktna velikost za udobno vsakodnevno no\u0161enje<\/li>\n<li>Enoro\u010dno odpiranje z obeh strani<\/li>\n<li>Mo\u017enosti pritrditve MOLLE ali na pas<\/li>\n<li>Tehnologija Ten-Speed za varno shranjevanje<\/li>\n<li>Odstranljiv vlo\u017eek za organizirano shranjevanje pripomo\u010dkov<\/li>\n<li>Nastavljivi trakovi s kavelj\u010dki in zankami so primerni za ve\u010dino pasov<\/li>\n<\/ul>\n<p>Bodite pripravljeni na nujne primere z Micro TKN &#8211; va\u0161 prenosni pripomo\u010dek, ko \u0161teje vsaka sekunda.<\/p>\n<\/div>\n","protected":false},"excerpt":{"rendered":"<p>Kompakten, \u017eivljenje re\u0161ujo\u010d komplet za nujne primere za vsakodnevno no\u0161enje na pasu.<\/p>\n","protected":false},"featured_media":49996,"template":"","meta":{"_acf_changed":false},"product_brand":[11139],"product_cat":[13485,13450],"product_tag":[],"class_list":{"0":"post-49995","1":"product","2":"type-product","3":"status-publish","4":"has-post-thumbnail","6":"product_brand-blue-force-gear","7":"product_cat-medicinski","8":"product_cat-oprema","10":"first","11":"instock","12":"taxable","13":"shipping-taxable","14":"purchasable","15":"product-type-variable","16":"wvs-archive-product-wrapper"},"acf":[],"_links":{"self":[{"href":"https:\/\/staging.nbg.eu\/sl\/wp-json\/wp\/v2\/product\/49995","targetHints":{"allow":["GET"]}}],"collection":[{"href":"https:\/\/staging.nbg.eu\/sl\/wp-json\/wp\/v2\/product"}],"about":[{"href":"https:\/\/staging.nbg.eu\/sl\/wp-json\/wp\/v2\/types\/product"}],"wp:featuredmedia":[{"embeddable":true,"href":"https:\/\/staging.nbg.eu\/sl\/wp-json\/wp\/v2\/media\/49996"}],"wp:attachment":[{"href":"https:\/\/staging.nbg.eu\/sl\/wp-json\/wp\/v2\/media?parent=49995"}],"wp:term":[{"taxonomy":"product_brand","embeddable":true,"href":"https:\/\/staging.nbg.eu\/sl\/wp-json\/wp\/v2\/product_brand?post=49995"},{"taxonomy":"product_cat","embeddable":true,"href":"https:\/\/staging.nbg.eu\/sl\/wp-json\/wp\/v2\/product_cat?post=49995"},{"taxonomy":"product_tag","embeddable":true,"href":"https:\/\/staging.nbg.eu\/sl\/wp-json\/wp\/v2\/product_tag?post=49995"}],"curies":[{"name":"wp","href":"https:\/\/api.w.org\/{rel}","templated":true}]}}