{"id":49615,"date":"2024-07-29T13:10:43","date_gmt":"2024-09-12T16:17:39","guid":{"rendered":"https:\/\/staging.nbg.eu\/product\/cobra-buckle-conversion-kit\/"},"modified":"2024-09-12T16:18:38","modified_gmt":"2024-09-12T16:18:38","slug":"cobra-sponka-konverzijski-komplet","status":"publish","type":"product","link":"https:\/\/staging.nbg.eu\/sl\/izdelek\/cobra-sponka-konverzijski-komplet\/","title":{"rendered":"COBRA\u00ae sponka konverzijski komplet"},"content":{"rendered":"<div class=\"product-description\">\n<h2>Komplet za pretvorbo pasov COBRA\u00ae za pas GRID\u2122<\/h2>\n<p>Nadgradite svoj pas GRID\u2122 z na\u0161im kompletom za pretvorbo COBRA\u00ae, ki vklju\u010duje patentiran COBRA\u00ae ProStyle zaponko nove generacije. Ta komplet doda pasu funkcijo hitrega odpenjanja in izbolj\u0161a njegovo obliko in funkcionalnost.<\/p>\n<h3>Klju\u010dne lastnosti:<\/h3>\n<ul>\n<li>Prilagojen sistem zaklepanja za gladko zapiranje in prepre\u010devanje nenamernega odpiranja<\/li>\n<li>Izpolnjuje standarde ANSI in CSA<\/li>\n<li>Certificiran za odpornost proti slani megli in pesku<\/li>\n<li>Funkcija hitrega odpenjanja za dodatno priro\u010dnost<\/li>\n<\/ul>\n<p><strong>Opomba:<\/strong> Ta nadgradni komplet ne dodaja pasu GRID zmo\u017enosti nosilnosti bremena. Za mo\u017enosti z ocenjeno nosilnostjo prosimo razmislite o na\u0161em pasu CHLK.<\/p>\n<\/div>\n","protected":false},"excerpt":{"rendered":"<p>Komplet COBRA\u00ae zaponke: Nadgradnja s hitrim odpenjanjem za GRID\u2122 pas. Varno in elegantno.<\/p>\n","protected":false},"featured_media":49618,"template":"","meta":{"_acf_changed":false},"product_brand":[],"product_cat":[13450,13469],"product_tag":[],"class_list":{"0":"post-49615","1":"product","2":"type-product","3":"status-publish","4":"has-post-thumbnail","6":"product_cat-oprema","7":"product_cat-takticni-pasovi","9":"first","10":"instock","11":"taxable","12":"shipping-taxable","13":"purchasable","14":"product-type-variable","15":"wvs-archive-product-wrapper"},"acf":[],"_links":{"self":[{"href":"https:\/\/staging.nbg.eu\/sl\/wp-json\/wp\/v2\/product\/49615","targetHints":{"allow":["GET"]}}],"collection":[{"href":"https:\/\/staging.nbg.eu\/sl\/wp-json\/wp\/v2\/product"}],"about":[{"href":"https:\/\/staging.nbg.eu\/sl\/wp-json\/wp\/v2\/types\/product"}],"wp:featuredmedia":[{"embeddable":true,"href":"https:\/\/staging.nbg.eu\/sl\/wp-json\/wp\/v2\/media\/49618"}],"wp:attachment":[{"href":"https:\/\/staging.nbg.eu\/sl\/wp-json\/wp\/v2\/media?parent=49615"}],"wp:term":[{"taxonomy":"product_brand","embeddable":true,"href":"https:\/\/staging.nbg.eu\/sl\/wp-json\/wp\/v2\/product_brand?post=49615"},{"taxonomy":"product_cat","embeddable":true,"href":"https:\/\/staging.nbg.eu\/sl\/wp-json\/wp\/v2\/product_cat?post=49615"},{"taxonomy":"product_tag","embeddable":true,"href":"https:\/\/staging.nbg.eu\/sl\/wp-json\/wp\/v2\/product_tag?post=49615"}],"curies":[{"name":"wp","href":"https:\/\/api.w.org\/{rel}","templated":true}]}}