{"id":49512,"date":"2024-07-29T18:42:30","date_gmt":"2024-09-12T16:13:26","guid":{"rendered":"https:\/\/staging.nbg.eu\/product\/large-utility-dapper-pouch\/"},"modified":"2024-09-12T16:14:26","modified_gmt":"2024-09-12T16:14:26","slug":"velika-univerzalna-torbica-dapper","status":"publish","type":"product","link":"https:\/\/staging.nbg.eu\/sl\/izdelek\/velika-univerzalna-torbica-dapper\/","title":{"rendered":"Velika univerzalna torbica Dapper"},"content":{"rendered":"<div class=\"product-description\">\n<h2>Velika uporabna torbica<\/h2>\n<p>Na\u0161a velika uporabna torbica je zasnovana za shranjevanje ve\u010dine vsakdanjih predmetov in opreme. Primerna je za polnilce, ra\u010dunalni\u0161ko opremo, medicinske pripomo\u010dke in orodja.<\/p>\n<ul>\n<li>Hitra namestitev in odstranitev na katerokoli zanko<\/li>\n<li>Dva modra zadrgo za enostaven dostop<\/li>\n<li>Zgornji gumijasti ro\u010daj za priro\u010den transport<\/li>\n<li>Prozoren zgornji del za pregled vsebine<\/li>\n<li>Notranje polje zank za dodatne mo\u017enosti organizacije<\/li>\n<li>Kavelj\u010dek za pritrjevanje na razli\u010dne povr\u0161ine<\/li>\n<\/ul>\n<p>Primerno za uporabo z Blue Force Gear nahrbtniki, Dapper vlo\u017eki ali po meri. Za bolj\u0161o organizacijo opreme.<\/p>\n<\/div>\n","protected":false},"excerpt":{"rendered":"<p>Vsestranska, snemljiva torbica za vsakodnevno opremo in bistvene pripomo\u010dke za misije.<\/p>\n","protected":false},"featured_media":49516,"template":"","meta":{"_acf_changed":false},"product_brand":[11139],"product_cat":[13450,13441],"product_tag":[],"class_list":{"0":"post-49512","1":"product","2":"type-product","3":"status-publish","4":"has-post-thumbnail","6":"product_brand-blue-force-gear","7":"product_cat-oprema","8":"product_cat-torbice","10":"first","11":"instock","12":"taxable","13":"shipping-taxable","14":"purchasable","15":"product-type-simple"},"acf":[],"_links":{"self":[{"href":"https:\/\/staging.nbg.eu\/sl\/wp-json\/wp\/v2\/product\/49512","targetHints":{"allow":["GET"]}}],"collection":[{"href":"https:\/\/staging.nbg.eu\/sl\/wp-json\/wp\/v2\/product"}],"about":[{"href":"https:\/\/staging.nbg.eu\/sl\/wp-json\/wp\/v2\/types\/product"}],"wp:featuredmedia":[{"embeddable":true,"href":"https:\/\/staging.nbg.eu\/sl\/wp-json\/wp\/v2\/media\/49516"}],"wp:attachment":[{"href":"https:\/\/staging.nbg.eu\/sl\/wp-json\/wp\/v2\/media?parent=49512"}],"wp:term":[{"taxonomy":"product_brand","embeddable":true,"href":"https:\/\/staging.nbg.eu\/sl\/wp-json\/wp\/v2\/product_brand?post=49512"},{"taxonomy":"product_cat","embeddable":true,"href":"https:\/\/staging.nbg.eu\/sl\/wp-json\/wp\/v2\/product_cat?post=49512"},{"taxonomy":"product_tag","embeddable":true,"href":"https:\/\/staging.nbg.eu\/sl\/wp-json\/wp\/v2\/product_tag?post=49512"}],"curies":[{"name":"wp","href":"https:\/\/api.w.org\/{rel}","templated":true}]}}